{"id":831,"date":"2024-07-04T13:07:21","date_gmt":"2024-07-04T13:07:21","guid":{"rendered":"http:\/\/localhost\/fr\/?page_id=831"},"modified":"2025-12-12T06:41:47","modified_gmt":"2025-12-12T06:41:47","slug":"warranty","status":"publish","type":"page","link":"https:\/\/adhesionxtreme.com\/fr\/warranty\/","title":{"rendered":"Warranty"},"content":{"rendered":"\t\t<div data-elementor-type=\"wp-page\" data-elementor-id=\"831\" class=\"elementor elementor-831\" data-elementor-post-type=\"page\">\n\t\t\t\t\t\t<section class=\"elementor-section elementor-top-section elementor-element elementor-element-53c05d4 elementor-section-height-min-height elementor-section-boxed elementor-section-height-default elementor-section-items-middle\" data-id=\"53c05d4\" data-element_type=\"section\" data-e-type=\"section\" data-settings=\"{&quot;background_background&quot;:&quot;classic&quot;}\">\n\t\t\t\t\t\t\t<div class=\"elementor-background-overlay\"><\/div>\n\t\t\t\t\t\t\t<div class=\"elementor-container elementor-column-gap-default\">\n\t\t\t\t\t<div class=\"elementor-column elementor-col-100 elementor-top-column elementor-element elementor-element-c144274\" data-id=\"c144274\" data-element_type=\"column\" data-e-type=\"column\">\n\t\t\t<div class=\"elementor-widget-wrap elementor-element-populated\">\n\t\t\t\t\t\t<div class=\"elementor-element elementor-element-6b8c29f elementor-widget elementor-widget-heading\" data-id=\"6b8c29f\" data-element_type=\"widget\" data-e-type=\"widget\" data-widget_type=\"heading.default\">\n\t\t\t\t<div class=\"elementor-widget-container\">\n\t\t\t\t\t<h2 class=\"elementor-heading-title elementor-size-default\">GARANTIE<\/h2>\t\t\t\t<\/div>\n\t\t\t\t<\/div>\n\t\t\t\t\t<\/div>\n\t\t<\/div>\n\t\t\t\t\t<\/div>\n\t\t<\/section>\n\t\t\t\t<section class=\"elementor-section elementor-top-section elementor-element elementor-element-64727c7 elementor-section-boxed elementor-section-height-default elementor-section-height-default\" data-id=\"64727c7\" data-element_type=\"section\" data-e-type=\"section\">\n\t\t\t\t\t\t<div class=\"elementor-container elementor-column-gap-default\">\n\t\t\t\t\t<div class=\"elementor-column elementor-col-100 elementor-top-column elementor-element elementor-element-c3bdd05\" data-id=\"c3bdd05\" data-element_type=\"column\" data-e-type=\"column\">\n\t\t\t<div class=\"elementor-widget-wrap elementor-element-populated\">\n\t\t\t\t\t\t<div class=\"elementor-element elementor-element-1db4ba8 elementor-widget elementor-widget-text-editor\" data-id=\"1db4ba8\" data-element_type=\"widget\" data-e-type=\"widget\" data-widget_type=\"text-editor.default\">\n\t\t\t\t<div class=\"elementor-widget-container\">\n\t\t\t\t\t\t\t\t\tAdhesionXtreme\u00ae garantit que les produits enregistr\u00e9s sous les marques RoofBond\u00ae, 2Sided\u00ae et Addh\u00e9sion\u00ae seront exempts de d\u00e9fauts de mat\u00e9riaux et de fabrication pendant une p\u00e9riode de dix ans \u00e0 compter de la date d\u2019achat, \u00e0 condition que le mat\u00e9riau est install\u00e9 en stricte conformit\u00e9 avec les recommandations \u00e9crites du fabricant, comme indiqu\u00e9 dans les instructions d\u2019application qui accompagnent le produit. Cette garantie ne s\u2019applique pas \u00e0 une mauvaise application ou \u00e0 une mauvaise ex\u00e9cution dans l\u2019application des produits. Les conseils techniques et d\u2019installation fournis sont donn\u00e9s afin d\u2019exploiter au maximum le potentiel de nos produits. Il appartient \u00e0 l\u2019utilisateur de tester la compatibilit\u00e9 des mat\u00e9riaux des produits, de respecter la l\u00e9gislation locale et d\u2019obtenir toutes autorisations n\u00e9cessaires \u00e0 l\u2019utilisation des produits. Cette garantie ne s\u2019applique qu\u2019aux produits stock\u00e9s dans leur emballage d\u2019origine dans des cartons non ouverts dans les conditions pr\u00e9conis\u00e9es dans la Fiche Technique, \u00e0 savoir le stockage dans un local de stockage non humide et bien a\u00e9r\u00e9 \u00e0 des temp\u00e9ratures ne d\u00e9passant pas +30\u00b0C. De plus, cette garantie ne s\u2019appliquera qu\u2019aux produits respectant la dur\u00e9e de conservation de 24 mois dans les conditions de stockage d\u00e9crites ci-dessus.\n\nConform\u00e9ment et en ce qui concerne les conditions d\u00e9crites dans le paragraphe pr\u00e9c\u00e9dent, AdhesionXtreme\u00ae garantit qu\u2019elle remplacera la partie du produit qui s\u2019av\u00e8re d\u00e9fectueuse. Toutes les demandes de garantie doivent \u00eatre formul\u00e9es par \u00e9crit dans les 30 jours suivant la d\u00e9couverte du d\u00e9faut.\n\nCette garantie est \u00e9mise express\u00e9ment \u00e0 la place de toutes les autres garanties, expresses ou implicites, y compris les garanties de qualit\u00e9 marchande et d\u2019ad\u00e9quation \u00e0 un usage particulier. AdhesionXtreme\u00ae ne sera pas tenu responsable de tout autre dommage, y compris, mais sans s\u2019y limiter, les dommages mat\u00e9riels, les blessures corporelles, \u00e0 l\u2019acheteur ou \u00e0 un tiers, ou la perte d\u2019activit\u00e9 ou de profit r\u00e9sultant de l\u2019utilisation, de la mauvaise utilisation ou de l\u2019impossibilit\u00e9 d\u2019utiliser les produits.\t\t\t\t\t\t\t\t<\/div>\n\t\t\t\t<\/div>\n\t\t\t\t\t<\/div>\n\t\t<\/div>\n\t\t\t\t\t<\/div>\n\t\t<\/section>\n\t\t\t\t<\/div>\n\t\t","protected":false},"excerpt":{"rendered":"<p>GARANTIE AdhesionXtreme\u00ae garantit que les produits enregistr\u00e9s sous les marques RoofBond\u00ae, 2Sided\u00ae et Addh\u00e9sion\u00ae seront exempts de d\u00e9fauts de mat\u00e9riaux et de fabrication pendant une p\u00e9riode de dix ans \u00e0 compter de la date d\u2019achat, \u00e0 condition que le mat\u00e9riau est install\u00e9 en stricte conformit\u00e9 avec les recommandations \u00e9crites du fabricant, comme indiqu\u00e9 dans les [&hellip;]<\/p>\n","protected":false},"author":1,"featured_media":0,"parent":0,"menu_order":0,"comment_status":"closed","ping_status":"closed","template":"elementor_header_footer","meta":{"footnotes":""},"class_list":["post-831","page","type-page","status-publish","hentry"],"yoast_head":"<!-- This site is optimized with the Yoast SEO plugin v26.9 - https:\/\/yoast.com\/product\/yoast-seo-wordpress\/ -->\n<title>Warranty - Rubans de r\u00e9paration de fuites \u00e9tanches les plus vendus - R\u00e9parations rapides de fuites<\/title>\n<meta name=\"robots\" content=\"index, follow, max-snippet:-1, max-image-preview:large, max-video-preview:-1\" \/>\n<link rel=\"canonical\" href=\"https:\/\/adhesionxtreme.com\/fr\/warranty\/\" \/>\n<meta property=\"og:locale\" content=\"en_US\" \/>\n<meta property=\"og:type\" content=\"article\" \/>\n<meta property=\"og:title\" content=\"Warranty - Rubans de r\u00e9paration de fuites \u00e9tanches les plus vendus - R\u00e9parations rapides de fuites\" \/>\n<meta property=\"og:description\" content=\"GARANTIE AdhesionXtreme\u00ae garantit que les produits enregistr\u00e9s sous les marques RoofBond\u00ae, 2Sided\u00ae et Addh\u00e9sion\u00ae seront exempts de d\u00e9fauts de mat\u00e9riaux et de fabrication pendant une p\u00e9riode de dix ans \u00e0 compter de la date d\u2019achat, \u00e0 condition que le mat\u00e9riau est install\u00e9 en stricte conformit\u00e9 avec les recommandations \u00e9crites du fabricant, comme indiqu\u00e9 dans les [&hellip;]\" \/>\n<meta property=\"og:url\" content=\"https:\/\/adhesionxtreme.com\/fr\/warranty\/\" \/>\n<meta property=\"og:site_name\" content=\"Rubans de r\u00e9paration de fuites \u00e9tanches les plus vendus - R\u00e9parations rapides de fuites\" \/>\n<meta property=\"article:modified_time\" content=\"2025-12-12T06:41:47+00:00\" \/>\n<meta name=\"twitter:card\" content=\"summary_large_image\" \/>\n<meta name=\"twitter:label1\" content=\"Est. reading time\" \/>\n\t<meta name=\"twitter:data1\" content=\"2 minutes\" \/>\n<script type=\"application\/ld+json\" class=\"yoast-schema-graph\">{\"@context\":\"https:\/\/schema.org\",\"@graph\":[{\"@type\":\"WebPage\",\"@id\":\"https:\/\/adhesionxtreme.com\/fr\/warranty\/\",\"url\":\"https:\/\/adhesionxtreme.com\/fr\/warranty\/\",\"name\":\"Warranty - Rubans de r\u00e9paration de fuites \u00e9tanches les plus vendus - R\u00e9parations rapides de fuites\",\"isPartOf\":{\"@id\":\"https:\/\/adhesionxtreme.com\/fr\/#website\"},\"datePublished\":\"2024-07-04T13:07:21+00:00\",\"dateModified\":\"2025-12-12T06:41:47+00:00\",\"breadcrumb\":{\"@id\":\"https:\/\/adhesionxtreme.com\/fr\/warranty\/#breadcrumb\"},\"inLanguage\":\"en-US\",\"potentialAction\":[{\"@type\":\"ReadAction\",\"target\":[\"https:\/\/adhesionxtreme.com\/fr\/warranty\/\"]}]},{\"@type\":\"BreadcrumbList\",\"@id\":\"https:\/\/adhesionxtreme.com\/fr\/warranty\/#breadcrumb\",\"itemListElement\":[{\"@type\":\"ListItem\",\"position\":1,\"name\":\"Home\",\"item\":\"https:\/\/adhesionxtreme.com\/fr\/\"},{\"@type\":\"ListItem\",\"position\":2,\"name\":\"Warranty\"}]},{\"@type\":\"WebSite\",\"@id\":\"https:\/\/adhesionxtreme.com\/fr\/#website\",\"url\":\"https:\/\/adhesionxtreme.com\/fr\/\",\"name\":\"Rubans de r\u00e9paration de fuites \u00e9tanches les plus vendus - R\u00e9parations rapides de fuites\",\"description\":\"\",\"potentialAction\":[{\"@type\":\"SearchAction\",\"target\":{\"@type\":\"EntryPoint\",\"urlTemplate\":\"https:\/\/adhesionxtreme.com\/fr\/?s={search_term_string}\"},\"query-input\":{\"@type\":\"PropertyValueSpecification\",\"valueRequired\":true,\"valueName\":\"search_term_string\"}}],\"inLanguage\":\"en-US\"}]}<\/script>\n<!-- \/ Yoast SEO plugin. -->","yoast_head_json":{"title":"Warranty - Rubans de r\u00e9paration de fuites \u00e9tanches les plus vendus - R\u00e9parations rapides de fuites","robots":{"index":"index","follow":"follow","max-snippet":"max-snippet:-1","max-image-preview":"max-image-preview:large","max-video-preview":"max-video-preview:-1"},"canonical":"https:\/\/adhesionxtreme.com\/fr\/warranty\/","og_locale":"en_US","og_type":"article","og_title":"Warranty - Rubans de r\u00e9paration de fuites \u00e9tanches les plus vendus - R\u00e9parations rapides de fuites","og_description":"GARANTIE AdhesionXtreme\u00ae garantit que les produits enregistr\u00e9s sous les marques RoofBond\u00ae, 2Sided\u00ae et Addh\u00e9sion\u00ae seront exempts de d\u00e9fauts de mat\u00e9riaux et de fabrication pendant une p\u00e9riode de dix ans \u00e0 compter de la date d\u2019achat, \u00e0 condition que le mat\u00e9riau est install\u00e9 en stricte conformit\u00e9 avec les recommandations \u00e9crites du fabricant, comme indiqu\u00e9 dans les [&hellip;]","og_url":"https:\/\/adhesionxtreme.com\/fr\/warranty\/","og_site_name":"Rubans de r\u00e9paration de fuites \u00e9tanches les plus vendus - R\u00e9parations rapides de fuites","article_modified_time":"2025-12-12T06:41:47+00:00","twitter_card":"summary_large_image","twitter_misc":{"Est. reading time":"2 minutes"},"schema":{"@context":"https:\/\/schema.org","@graph":[{"@type":"WebPage","@id":"https:\/\/adhesionxtreme.com\/fr\/warranty\/","url":"https:\/\/adhesionxtreme.com\/fr\/warranty\/","name":"Warranty - Rubans de r\u00e9paration de fuites \u00e9tanches les plus vendus - R\u00e9parations rapides de fuites","isPartOf":{"@id":"https:\/\/adhesionxtreme.com\/fr\/#website"},"datePublished":"2024-07-04T13:07:21+00:00","dateModified":"2025-12-12T06:41:47+00:00","breadcrumb":{"@id":"https:\/\/adhesionxtreme.com\/fr\/warranty\/#breadcrumb"},"inLanguage":"en-US","potentialAction":[{"@type":"ReadAction","target":["https:\/\/adhesionxtreme.com\/fr\/warranty\/"]}]},{"@type":"BreadcrumbList","@id":"https:\/\/adhesionxtreme.com\/fr\/warranty\/#breadcrumb","itemListElement":[{"@type":"ListItem","position":1,"name":"Home","item":"https:\/\/adhesionxtreme.com\/fr\/"},{"@type":"ListItem","position":2,"name":"Warranty"}]},{"@type":"WebSite","@id":"https:\/\/adhesionxtreme.com\/fr\/#website","url":"https:\/\/adhesionxtreme.com\/fr\/","name":"Rubans de r\u00e9paration de fuites \u00e9tanches les plus vendus - R\u00e9parations rapides de fuites","description":"","potentialAction":[{"@type":"SearchAction","target":{"@type":"EntryPoint","urlTemplate":"https:\/\/adhesionxtreme.com\/fr\/?s={search_term_string}"},"query-input":{"@type":"PropertyValueSpecification","valueRequired":true,"valueName":"search_term_string"}}],"inLanguage":"en-US"}]}},"_links":{"self":[{"href":"https:\/\/adhesionxtreme.com\/fr\/wp-json\/wp\/v2\/pages\/831","targetHints":{"allow":["GET"]}}],"collection":[{"href":"https:\/\/adhesionxtreme.com\/fr\/wp-json\/wp\/v2\/pages"}],"about":[{"href":"https:\/\/adhesionxtreme.com\/fr\/wp-json\/wp\/v2\/types\/page"}],"author":[{"embeddable":true,"href":"https:\/\/adhesionxtreme.com\/fr\/wp-json\/wp\/v2\/users\/1"}],"replies":[{"embeddable":true,"href":"https:\/\/adhesionxtreme.com\/fr\/wp-json\/wp\/v2\/comments?post=831"}],"version-history":[{"count":0,"href":"https:\/\/adhesionxtreme.com\/fr\/wp-json\/wp\/v2\/pages\/831\/revisions"}],"wp:attachment":[{"href":"https:\/\/adhesionxtreme.com\/fr\/wp-json\/wp\/v2\/media?parent=831"}],"curies":[{"name":"wp","href":"https:\/\/api.w.org\/{rel}","templated":true}]}}