{"id":786,"date":"2024-07-04T09:31:35","date_gmt":"2024-07-04T09:31:35","guid":{"rendered":"http:\/\/localhost\/fr\/?page_id=786"},"modified":"2025-12-12T06:41:47","modified_gmt":"2025-12-12T06:41:47","slug":"industrial-uses","status":"publish","type":"page","link":"https:\/\/adhesionxtreme.com\/fr\/industrial-uses\/","title":{"rendered":"Industrial uses"},"content":{"rendered":"\t\t<div data-elementor-type=\"wp-page\" data-elementor-id=\"786\" class=\"elementor elementor-786\" data-elementor-post-type=\"page\">\n\t\t\t\t\t\t<section class=\"elementor-section elementor-top-section elementor-element elementor-element-07e8462 elementor-section-height-min-height elementor-section-boxed elementor-section-height-default elementor-section-items-middle\" data-id=\"07e8462\" data-element_type=\"section\" data-e-type=\"section\" data-settings=\"{&quot;background_background&quot;:&quot;classic&quot;}\">\n\t\t\t\t\t\t\t<div class=\"elementor-background-overlay\"><\/div>\n\t\t\t\t\t\t\t<div class=\"elementor-container elementor-column-gap-default\">\n\t\t\t\t\t<div class=\"elementor-column elementor-col-100 elementor-top-column elementor-element elementor-element-9b030eb\" data-id=\"9b030eb\" data-element_type=\"column\" data-e-type=\"column\">\n\t\t\t<div class=\"elementor-widget-wrap elementor-element-populated\">\n\t\t\t\t\t\t<div class=\"elementor-element elementor-element-9fba700 elementor-widget elementor-widget-heading\" data-id=\"9fba700\" data-element_type=\"widget\" data-e-type=\"widget\" data-widget_type=\"heading.default\">\n\t\t\t\t<div class=\"elementor-widget-container\">\n\t\t\t\t\t<h2 class=\"elementor-heading-title elementor-size-default\">UTILISATIONS INDUSTRIELLES<\/h2>\t\t\t\t<\/div>\n\t\t\t\t<\/div>\n\t\t\t\t\t<\/div>\n\t\t<\/div>\n\t\t\t\t\t<\/div>\n\t\t<\/section>\n\t\t\t\t<section class=\"elementor-section elementor-top-section elementor-element elementor-element-3d6e5c7 elementor-section-content-middle elementor-section-boxed elementor-section-height-default elementor-section-height-default\" data-id=\"3d6e5c7\" data-element_type=\"section\" data-e-type=\"section\" data-settings=\"{&quot;background_background&quot;:&quot;classic&quot;}\">\n\t\t\t\t\t\t\t<div class=\"elementor-background-overlay\"><\/div>\n\t\t\t\t\t\t\t<div class=\"elementor-container elementor-column-gap-default\">\n\t\t\t\t\t<div class=\"elementor-column elementor-col-50 elementor-top-column elementor-element elementor-element-feaecb4 elementor-invisible\" data-id=\"feaecb4\" data-element_type=\"column\" data-e-type=\"column\" data-settings=\"{&quot;animation&quot;:&quot;fadeInLeft&quot;}\">\n\t\t\t<div class=\"elementor-widget-wrap elementor-element-populated\">\n\t\t\t\t\t\t<div class=\"elementor-element elementor-element-8e926e9 elementor-widget elementor-widget-image\" data-id=\"8e926e9\" data-element_type=\"widget\" data-e-type=\"widget\" data-widget_type=\"image.default\">\n\t\t\t\t<div class=\"elementor-widget-container\">\n\t\t\t\t\t\t\t\t\t\t\t\t\t\t\t<img fetchpriority=\"high\" decoding=\"async\" width=\"946\" height=\"539\" src=\"https:\/\/adhesionxtreme.com\/fr\/wp-content\/uploads\/2024\/07\/1-1.png\" class=\"attachment-full size-full wp-image-804\" alt=\"\" srcset=\"https:\/\/adhesionxtreme.com\/fr\/wp-content\/uploads\/2024\/07\/1-1.png 946w, https:\/\/adhesionxtreme.com\/fr\/wp-content\/uploads\/2024\/07\/1-1-300x171.png 300w, https:\/\/adhesionxtreme.com\/fr\/wp-content\/uploads\/2024\/07\/1-1-768x438.png 768w, https:\/\/adhesionxtreme.com\/fr\/wp-content\/uploads\/2024\/07\/1-1-600x342.png 600w\" sizes=\"(max-width: 946px) 100vw, 946px\" \/>\t\t\t\t\t\t\t\t\t\t\t\t\t\t\t<\/div>\n\t\t\t\t<\/div>\n\t\t\t\t\t<\/div>\n\t\t<\/div>\n\t\t\t\t<div class=\"elementor-column elementor-col-50 elementor-top-column elementor-element elementor-element-5e55945 elementor-invisible\" data-id=\"5e55945\" data-element_type=\"column\" data-e-type=\"column\" data-settings=\"{&quot;animation&quot;:&quot;bounceInUp&quot;}\">\n\t\t\t<div class=\"elementor-widget-wrap elementor-element-populated\">\n\t\t\t\t\t\t<div class=\"elementor-element elementor-element-6e0a5d7 elementor-align-start carvan-list elementor-icon-list--layout-traditional elementor-list-item-link-full_width elementor-widget elementor-widget-icon-list\" data-id=\"6e0a5d7\" data-element_type=\"widget\" data-e-type=\"widget\" data-widget_type=\"icon-list.default\">\n\t\t\t\t<div class=\"elementor-widget-container\">\n\t\t\t\t\t\t\t<ul class=\"elementor-icon-list-items\">\n\t\t\t\t\t\t\t<li class=\"elementor-icon-list-item\">\n\t\t\t\t\t\t\t\t\t\t<span class=\"elementor-icon-list-text\">1 - P\u00e9n\u00e9trations de toiture<\/span>\n\t\t\t\t\t\t\t\t\t<\/li>\n\t\t\t\t\t\t\t\t<li class=\"elementor-icon-list-item\">\n\t\t\t\t\t\t\t\t\t\t<span class=\"elementor-icon-list-text\">2 - Lanterneaux<\/span>\n\t\t\t\t\t\t\t\t\t<\/li>\n\t\t\t\t\t\t\t\t<li class=\"elementor-icon-list-item\">\n\t\t\t\t\t\t\t\t\t\t<span class=\"elementor-icon-list-text\">3 - Lucarnes<\/span>\n\t\t\t\t\t\t\t\t\t<\/li>\n\t\t\t\t\t\t\t\t<li class=\"elementor-icon-list-item\">\n\t\t\t\t\t\t\t\t\t\t<span class=\"elementor-icon-list-text\">4 - Tuyaux d'\u00e9vacuation<\/span>\n\t\t\t\t\t\t\t\t\t<\/li>\n\t\t\t\t\t\t\t\t<li class=\"elementor-icon-list-item\">\n\t\t\t\t\t\t\t\t\t\t<span class=\"elementor-icon-list-text\">5 -  Bordures<\/span>\n\t\t\t\t\t\t\t\t\t<\/li>\n\t\t\t\t\t\t\t\t<li class=\"elementor-icon-list-item\">\n\t\t\t\t\t\t\t\t\t\t<span class=\"elementor-icon-list-text\">6 - Coutures \u00e0 recouvrement<\/span>\n\t\t\t\t\t\t\t\t\t<\/li>\n\t\t\t\t\t\t\t\t<li class=\"elementor-icon-list-item\">\n\t\t\t\t\t\t\t\t\t\t<span class=\"elementor-icon-list-text\">7 - Goutti\u00e8res<\/span>\n\t\t\t\t\t\t\t\t\t<\/li>\n\t\t\t\t\t\t\t\t<li class=\"elementor-icon-list-item\">\n\t\t\t\t\t\t\t\t\t\t<span class=\"elementor-icon-list-text\">8 - Travaux de conduits<\/span>\n\t\t\t\t\t\t\t\t\t<\/li>\n\t\t\t\t\t\t\t\t<li class=\"elementor-icon-list-item\">\n\t\t\t\t\t\t\t\t\t\t<span class=\"elementor-icon-list-text\">9 - Panneaux isolants<\/span>\n\t\t\t\t\t\t\t\t\t<\/li>\n\t\t\t\t\t\t<\/ul>\n\t\t\t\t\t\t<\/div>\n\t\t\t\t<\/div>\n\t\t\t\t\t<\/div>\n\t\t<\/div>\n\t\t\t\t\t<\/div>\n\t\t<\/section>\n\t\t\t\t<\/div>\n\t\t","protected":false},"excerpt":{"rendered":"<p>UTILISATIONS INDUSTRIELLES 1 &#8211; P\u00e9n\u00e9trations de toiture 2 &#8211; Lanterneaux 3 &#8211; Lucarnes 4 &#8211; Tuyaux d&#8217;\u00e9vacuation 5 &#8211; Bordures 6 &#8211; Coutures \u00e0 recouvrement 7 &#8211; Goutti\u00e8res 8 &#8211; Travaux de conduits 9 &#8211; Panneaux isolants<\/p>\n","protected":false},"author":1,"featured_media":0,"parent":0,"menu_order":0,"comment_status":"closed","ping_status":"closed","template":"elementor_header_footer","meta":{"footnotes":""},"class_list":["post-786","page","type-page","status-publish","hentry"],"yoast_head":"<!-- This site is optimized with the Yoast SEO plugin v26.9 - https:\/\/yoast.com\/product\/yoast-seo-wordpress\/ -->\n<title>Industrial uses - Rubans de r\u00e9paration de fuites \u00e9tanches les plus vendus - R\u00e9parations rapides de fuites<\/title>\n<meta name=\"robots\" content=\"index, follow, max-snippet:-1, max-image-preview:large, max-video-preview:-1\" \/>\n<link rel=\"canonical\" href=\"https:\/\/adhesionxtreme.com\/fr\/industrial-uses\/\" \/>\n<meta property=\"og:locale\" content=\"en_US\" \/>\n<meta property=\"og:type\" content=\"article\" \/>\n<meta property=\"og:title\" content=\"Industrial uses - Rubans de r\u00e9paration de fuites \u00e9tanches les plus vendus - R\u00e9parations rapides de fuites\" \/>\n<meta property=\"og:description\" content=\"UTILISATIONS INDUSTRIELLES 1 &#8211; P\u00e9n\u00e9trations de toiture 2 &#8211; Lanterneaux 3 &#8211; Lucarnes 4 &#8211; Tuyaux d&#8217;\u00e9vacuation 5 &#8211; Bordures 6 &#8211; Coutures \u00e0 recouvrement 7 &#8211; Goutti\u00e8res 8 &#8211; Travaux de conduits 9 &#8211; Panneaux isolants\" \/>\n<meta property=\"og:url\" content=\"https:\/\/adhesionxtreme.com\/fr\/industrial-uses\/\" \/>\n<meta property=\"og:site_name\" content=\"Rubans de r\u00e9paration de fuites \u00e9tanches les plus vendus - R\u00e9parations rapides de fuites\" \/>\n<meta property=\"article:modified_time\" content=\"2025-12-12T06:41:47+00:00\" \/>\n<meta property=\"og:image\" content=\"http:\/\/localhost\/fr\/wp-content\/uploads\/2024\/07\/1-1.png\" \/>\n<meta name=\"twitter:card\" content=\"summary_large_image\" \/>\n<script type=\"application\/ld+json\" class=\"yoast-schema-graph\">{\"@context\":\"https:\/\/schema.org\",\"@graph\":[{\"@type\":\"WebPage\",\"@id\":\"https:\/\/adhesionxtreme.com\/fr\/industrial-uses\/\",\"url\":\"https:\/\/adhesionxtreme.com\/fr\/industrial-uses\/\",\"name\":\"Industrial uses - Rubans de r\u00e9paration de fuites \u00e9tanches les plus vendus - R\u00e9parations rapides de fuites\",\"isPartOf\":{\"@id\":\"https:\/\/adhesionxtreme.com\/fr\/#website\"},\"primaryImageOfPage\":{\"@id\":\"https:\/\/adhesionxtreme.com\/fr\/industrial-uses\/#primaryimage\"},\"image\":{\"@id\":\"https:\/\/adhesionxtreme.com\/fr\/industrial-uses\/#primaryimage\"},\"thumbnailUrl\":\"http:\/\/localhost\/fr\/wp-content\/uploads\/2024\/07\/1-1.png\",\"datePublished\":\"2024-07-04T09:31:35+00:00\",\"dateModified\":\"2025-12-12T06:41:47+00:00\",\"breadcrumb\":{\"@id\":\"https:\/\/adhesionxtreme.com\/fr\/industrial-uses\/#breadcrumb\"},\"inLanguage\":\"en-US\",\"potentialAction\":[{\"@type\":\"ReadAction\",\"target\":[\"https:\/\/adhesionxtreme.com\/fr\/industrial-uses\/\"]}]},{\"@type\":\"ImageObject\",\"inLanguage\":\"en-US\",\"@id\":\"https:\/\/adhesionxtreme.com\/fr\/industrial-uses\/#primaryimage\",\"url\":\"http:\/\/localhost\/fr\/wp-content\/uploads\/2024\/07\/1-1.png\",\"contentUrl\":\"http:\/\/localhost\/fr\/wp-content\/uploads\/2024\/07\/1-1.png\"},{\"@type\":\"BreadcrumbList\",\"@id\":\"https:\/\/adhesionxtreme.com\/fr\/industrial-uses\/#breadcrumb\",\"itemListElement\":[{\"@type\":\"ListItem\",\"position\":1,\"name\":\"Home\",\"item\":\"https:\/\/adhesionxtreme.com\/fr\/\"},{\"@type\":\"ListItem\",\"position\":2,\"name\":\"Industrial uses\"}]},{\"@type\":\"WebSite\",\"@id\":\"https:\/\/adhesionxtreme.com\/fr\/#website\",\"url\":\"https:\/\/adhesionxtreme.com\/fr\/\",\"name\":\"Rubans de r\u00e9paration de fuites \u00e9tanches les plus vendus - R\u00e9parations rapides de fuites\",\"description\":\"\",\"potentialAction\":[{\"@type\":\"SearchAction\",\"target\":{\"@type\":\"EntryPoint\",\"urlTemplate\":\"https:\/\/adhesionxtreme.com\/fr\/?s={search_term_string}\"},\"query-input\":{\"@type\":\"PropertyValueSpecification\",\"valueRequired\":true,\"valueName\":\"search_term_string\"}}],\"inLanguage\":\"en-US\"}]}<\/script>\n<!-- \/ Yoast SEO plugin. -->","yoast_head_json":{"title":"Industrial uses - Rubans de r\u00e9paration de fuites \u00e9tanches les plus vendus - R\u00e9parations rapides de fuites","robots":{"index":"index","follow":"follow","max-snippet":"max-snippet:-1","max-image-preview":"max-image-preview:large","max-video-preview":"max-video-preview:-1"},"canonical":"https:\/\/adhesionxtreme.com\/fr\/industrial-uses\/","og_locale":"en_US","og_type":"article","og_title":"Industrial uses - Rubans de r\u00e9paration de fuites \u00e9tanches les plus vendus - R\u00e9parations rapides de fuites","og_description":"UTILISATIONS INDUSTRIELLES 1 &#8211; P\u00e9n\u00e9trations de toiture 2 &#8211; Lanterneaux 3 &#8211; Lucarnes 4 &#8211; Tuyaux d&#8217;\u00e9vacuation 5 &#8211; Bordures 6 &#8211; Coutures \u00e0 recouvrement 7 &#8211; Goutti\u00e8res 8 &#8211; Travaux de conduits 9 &#8211; Panneaux isolants","og_url":"https:\/\/adhesionxtreme.com\/fr\/industrial-uses\/","og_site_name":"Rubans de r\u00e9paration de fuites \u00e9tanches les plus vendus - R\u00e9parations rapides de fuites","article_modified_time":"2025-12-12T06:41:47+00:00","og_image":[{"url":"http:\/\/localhost\/fr\/wp-content\/uploads\/2024\/07\/1-1.png","type":"","width":"","height":""}],"twitter_card":"summary_large_image","schema":{"@context":"https:\/\/schema.org","@graph":[{"@type":"WebPage","@id":"https:\/\/adhesionxtreme.com\/fr\/industrial-uses\/","url":"https:\/\/adhesionxtreme.com\/fr\/industrial-uses\/","name":"Industrial uses - Rubans de r\u00e9paration de fuites \u00e9tanches les plus vendus - R\u00e9parations rapides de fuites","isPartOf":{"@id":"https:\/\/adhesionxtreme.com\/fr\/#website"},"primaryImageOfPage":{"@id":"https:\/\/adhesionxtreme.com\/fr\/industrial-uses\/#primaryimage"},"image":{"@id":"https:\/\/adhesionxtreme.com\/fr\/industrial-uses\/#primaryimage"},"thumbnailUrl":"http:\/\/localhost\/fr\/wp-content\/uploads\/2024\/07\/1-1.png","datePublished":"2024-07-04T09:31:35+00:00","dateModified":"2025-12-12T06:41:47+00:00","breadcrumb":{"@id":"https:\/\/adhesionxtreme.com\/fr\/industrial-uses\/#breadcrumb"},"inLanguage":"en-US","potentialAction":[{"@type":"ReadAction","target":["https:\/\/adhesionxtreme.com\/fr\/industrial-uses\/"]}]},{"@type":"ImageObject","inLanguage":"en-US","@id":"https:\/\/adhesionxtreme.com\/fr\/industrial-uses\/#primaryimage","url":"http:\/\/localhost\/fr\/wp-content\/uploads\/2024\/07\/1-1.png","contentUrl":"http:\/\/localhost\/fr\/wp-content\/uploads\/2024\/07\/1-1.png"},{"@type":"BreadcrumbList","@id":"https:\/\/adhesionxtreme.com\/fr\/industrial-uses\/#breadcrumb","itemListElement":[{"@type":"ListItem","position":1,"name":"Home","item":"https:\/\/adhesionxtreme.com\/fr\/"},{"@type":"ListItem","position":2,"name":"Industrial uses"}]},{"@type":"WebSite","@id":"https:\/\/adhesionxtreme.com\/fr\/#website","url":"https:\/\/adhesionxtreme.com\/fr\/","name":"Rubans de r\u00e9paration de fuites \u00e9tanches les plus vendus - R\u00e9parations rapides de fuites","description":"","potentialAction":[{"@type":"SearchAction","target":{"@type":"EntryPoint","urlTemplate":"https:\/\/adhesionxtreme.com\/fr\/?s={search_term_string}"},"query-input":{"@type":"PropertyValueSpecification","valueRequired":true,"valueName":"search_term_string"}}],"inLanguage":"en-US"}]}},"_links":{"self":[{"href":"https:\/\/adhesionxtreme.com\/fr\/wp-json\/wp\/v2\/pages\/786","targetHints":{"allow":["GET"]}}],"collection":[{"href":"https:\/\/adhesionxtreme.com\/fr\/wp-json\/wp\/v2\/pages"}],"about":[{"href":"https:\/\/adhesionxtreme.com\/fr\/wp-json\/wp\/v2\/types\/page"}],"author":[{"embeddable":true,"href":"https:\/\/adhesionxtreme.com\/fr\/wp-json\/wp\/v2\/users\/1"}],"replies":[{"embeddable":true,"href":"https:\/\/adhesionxtreme.com\/fr\/wp-json\/wp\/v2\/comments?post=786"}],"version-history":[{"count":0,"href":"https:\/\/adhesionxtreme.com\/fr\/wp-json\/wp\/v2\/pages\/786\/revisions"}],"wp:attachment":[{"href":"https:\/\/adhesionxtreme.com\/fr\/wp-json\/wp\/v2\/media?parent=786"}],"curies":[{"name":"wp","href":"https:\/\/api.w.org\/{rel}","templated":true}]}}