{"id":775,"date":"2024-07-04T09:23:54","date_gmt":"2024-07-04T09:23:54","guid":{"rendered":"http:\/\/localhost\/fr\/?page_id=775"},"modified":"2026-04-03T11:18:06","modified_gmt":"2026-04-03T11:18:06","slug":"home-uses","status":"publish","type":"page","link":"https:\/\/adhesionxtreme.com\/fr\/home-uses\/","title":{"rendered":"Bande d&#8217;\u00e9tanch\u00e9it\u00e9 terrasse : Usages domestiques et solutions d&#8217;\u00e9tanch\u00e9it\u00e9"},"content":{"rendered":"\t\t<div data-elementor-type=\"wp-page\" data-elementor-id=\"775\" class=\"elementor elementor-775\" data-elementor-post-type=\"page\">\n\t\t\t\t\t\t<section class=\"elementor-section elementor-top-section elementor-element elementor-element-d8bb09e elementor-section-height-min-height elementor-section-boxed elementor-section-height-default elementor-section-items-middle\" data-id=\"d8bb09e\" data-element_type=\"section\" data-e-type=\"section\" data-settings=\"{&quot;background_background&quot;:&quot;classic&quot;}\">\n\t\t\t\t\t\t\t<div class=\"elementor-background-overlay\"><\/div>\n\t\t\t\t\t\t\t<div class=\"elementor-container elementor-column-gap-default\">\n\t\t\t\t\t<div class=\"elementor-column elementor-col-100 elementor-top-column elementor-element elementor-element-7e1a8b2\" data-id=\"7e1a8b2\" data-element_type=\"column\" data-e-type=\"column\">\n\t\t\t<div class=\"elementor-widget-wrap elementor-element-populated\">\n\t\t\t\t\t\t<div class=\"elementor-element elementor-element-d3b5cee elementor-widget elementor-widget-heading\" data-id=\"d3b5cee\" data-element_type=\"widget\" data-e-type=\"widget\" data-widget_type=\"heading.default\">\n\t\t\t\t<div class=\"elementor-widget-container\">\n\t\t\t\t\t<h2 class=\"elementor-heading-title elementor-size-default\">UTILISATIONS DOMESTIQUES<\/h2>\t\t\t\t<\/div>\n\t\t\t\t<\/div>\n\t\t\t\t\t<\/div>\n\t\t<\/div>\n\t\t\t\t\t<\/div>\n\t\t<\/section>\n\t\t\t\t<section class=\"elementor-section elementor-top-section elementor-element elementor-element-13d0efc elementor-section-content-middle elementor-section-boxed elementor-section-height-default elementor-section-height-default\" data-id=\"13d0efc\" data-element_type=\"section\" data-e-type=\"section\" data-settings=\"{&quot;background_background&quot;:&quot;classic&quot;}\">\n\t\t\t\t\t\t\t<div class=\"elementor-background-overlay\"><\/div>\n\t\t\t\t\t\t\t<div class=\"elementor-container elementor-column-gap-default\">\n\t\t\t\t\t<div class=\"elementor-column elementor-col-33 elementor-top-column elementor-element elementor-element-3567c03 elementor-invisible\" data-id=\"3567c03\" data-element_type=\"column\" data-e-type=\"column\" data-settings=\"{&quot;animation&quot;:&quot;fadeInLeft&quot;}\">\n\t\t\t<div class=\"elementor-widget-wrap elementor-element-populated\">\n\t\t\t\t\t\t<div class=\"elementor-element elementor-element-d096f9e elementor-widget elementor-widget-image\" data-id=\"d096f9e\" data-element_type=\"widget\" data-e-type=\"widget\" data-widget_type=\"image.default\">\n\t\t\t\t<div class=\"elementor-widget-container\">\n\t\t\t\t\t\t\t\t\t\t\t\t\t\t\t<img fetchpriority=\"high\" decoding=\"async\" width=\"569\" height=\"354\" src=\"https:\/\/adhesionxtreme.com\/fr\/wp-content\/uploads\/2024\/07\/7-1-1.jpg\" class=\"attachment-full size-full wp-image-780\" alt=\"\" srcset=\"https:\/\/adhesionxtreme.com\/fr\/wp-content\/uploads\/2024\/07\/7-1-1.jpg 569w, https:\/\/adhesionxtreme.com\/fr\/wp-content\/uploads\/2024\/07\/7-1-1-300x187.jpg 300w\" sizes=\"(max-width: 569px) 100vw, 569px\" \/>\t\t\t\t\t\t\t\t\t\t\t\t\t\t\t<\/div>\n\t\t\t\t<\/div>\n\t\t\t\t\t<\/div>\n\t\t<\/div>\n\t\t\t\t<div class=\"elementor-column elementor-col-33 elementor-top-column elementor-element elementor-element-ca0ec05 elementor-invisible\" data-id=\"ca0ec05\" data-element_type=\"column\" data-e-type=\"column\" data-settings=\"{&quot;animation&quot;:&quot;bounceInUp&quot;}\">\n\t\t\t<div class=\"elementor-widget-wrap elementor-element-populated\">\n\t\t\t\t\t\t<div class=\"elementor-element elementor-element-dbb6918 elementor-align-start carvan-list elementor-mobile-align-start elementor-icon-list--layout-traditional elementor-list-item-link-full_width elementor-widget elementor-widget-icon-list\" data-id=\"dbb6918\" data-element_type=\"widget\" data-e-type=\"widget\" data-widget_type=\"icon-list.default\">\n\t\t\t\t<div class=\"elementor-widget-container\">\n\t\t\t\t\t\t\t<ul class=\"elementor-icon-list-items\">\n\t\t\t\t\t\t\t<li class=\"elementor-icon-list-item\">\n\t\t\t\t\t\t\t\t\t\t<span class=\"elementor-icon-list-text\">1 - R\u00e9parations de toiture<\/span>\n\t\t\t\t\t\t\t\t\t<\/li>\n\t\t\t\t\t\t\t\t<li class=\"elementor-icon-list-item\">\n\t\t\t\t\t\t\t\t\t\t<span class=\"elementor-icon-list-text\">2 - P\u00e9n\u00e9trations<\/span>\n\t\t\t\t\t\t\t\t\t<\/li>\n\t\t\t\t\t\t\t\t<li class=\"elementor-icon-list-item\">\n\t\t\t\t\t\t\t\t\t\t<span class=\"elementor-icon-list-text\">3 - Solins de chemin\u00e9e<\/span>\n\t\t\t\t\t\t\t\t\t<\/li>\n\t\t\t\t\t\t\t\t<li class=\"elementor-icon-list-item\">\n\t\t\t\t\t\t\t\t\t\t<span class=\"elementor-icon-list-text\">4 - Lucarnes<\/span>\n\t\t\t\t\t\t\t\t\t<\/li>\n\t\t\t\t\t\t\t\t<li class=\"elementor-icon-list-item\">\n\t\t\t\t\t\t\t\t\t\t<span class=\"elementor-icon-list-text\">5 - Lanterneaux<\/span>\n\t\t\t\t\t\t\t\t\t<\/li>\n\t\t\t\t\t\t\t\t<li class=\"elementor-icon-list-item\">\n\t\t\t\t\t\t\t\t\t\t<span class=\"elementor-icon-list-text\">6 - Goutti\u00e8res et coutures<\/span>\n\t\t\t\t\t\t\t\t\t<\/li>\n\t\t\t\t\t\t\t\t<li class=\"elementor-icon-list-item\">\n\t\t\t\t\t\t\t\t\t\t<span class=\"elementor-icon-list-text\">7 - Terrasses<\/span>\n\t\t\t\t\t\t\t\t\t<\/li>\n\t\t\t\t\t\t\t\t<li class=\"elementor-icon-list-item\">\n\t\t\t\t\t\t\t\t\t\t<span class=\"elementor-icon-list-text\">8 - V\u00e9randas<\/span>\n\t\t\t\t\t\t\t\t\t<\/li>\n\t\t\t\t\t\t\t\t<li class=\"elementor-icon-list-item\">\n\t\t\t\t\t\t\t\t\t\t<span class=\"elementor-icon-list-text\">9 - Sous-sols<\/span>\n\t\t\t\t\t\t\t\t\t<\/li>\n\t\t\t\t\t\t<\/ul>\n\t\t\t\t\t\t<\/div>\n\t\t\t\t<\/div>\n\t\t\t\t\t<\/div>\n\t\t<\/div>\n\t\t\t\t<div class=\"elementor-column elementor-col-33 elementor-top-column elementor-element elementor-element-7ff628d elementor-invisible\" data-id=\"7ff628d\" data-element_type=\"column\" data-e-type=\"column\" data-settings=\"{&quot;animation&quot;:&quot;fadeInRight&quot;}\">\n\t\t\t<div class=\"elementor-widget-wrap elementor-element-populated\">\n\t\t\t\t\t\t<div class=\"elementor-element elementor-element-e25c628 elementor-widget elementor-widget-image\" data-id=\"e25c628\" data-element_type=\"widget\" data-e-type=\"widget\" data-widget_type=\"image.default\">\n\t\t\t\t<div class=\"elementor-widget-container\">\n\t\t\t\t\t\t\t\t\t\t\t\t\t\t\t<img decoding=\"async\" width=\"622\" height=\"366\" src=\"https:\/\/adhesionxtreme.com\/fr\/wp-content\/uploads\/2024\/07\/9.jpg\" class=\"attachment-full size-full wp-image-781\" alt=\"\" srcset=\"https:\/\/adhesionxtreme.com\/fr\/wp-content\/uploads\/2024\/07\/9.jpg 622w, https:\/\/adhesionxtreme.com\/fr\/wp-content\/uploads\/2024\/07\/9-300x177.jpg 300w, https:\/\/adhesionxtreme.com\/fr\/wp-content\/uploads\/2024\/07\/9-600x353.jpg 600w\" sizes=\"(max-width: 622px) 100vw, 622px\" \/>\t\t\t\t\t\t\t\t\t\t\t\t\t\t\t<\/div>\n\t\t\t\t<\/div>\n\t\t\t\t\t<\/div>\n\t\t<\/div>\n\t\t\t\t\t<\/div>\n\t\t<\/section>\n\t\t\t\t<section class=\"elementor-section elementor-top-section elementor-element elementor-element-1be1af5 elementor-section-boxed elementor-section-height-default elementor-section-height-default\" data-id=\"1be1af5\" data-element_type=\"section\" data-e-type=\"section\">\n\t\t\t\t\t\t<div class=\"elementor-container elementor-column-gap-default\">\n\t\t\t\t\t<div class=\"elementor-column elementor-col-100 elementor-top-column elementor-element elementor-element-58e6892\" data-id=\"58e6892\" data-element_type=\"column\" data-e-type=\"column\">\n\t\t\t<div class=\"elementor-widget-wrap elementor-element-populated\">\n\t\t\t\t\t\t<div class=\"elementor-element elementor-element-37f17ef elementor-widget elementor-widget-heading\" data-id=\"37f17ef\" data-element_type=\"widget\" data-e-type=\"widget\" data-widget_type=\"heading.default\">\n\t\t\t\t<div class=\"elementor-widget-container\">\n\t\t\t\t\t<h1 class=\"elementor-heading-title elementor-size-default\">Bande d'\u00e9tanch\u00e9it\u00e9 terrasse : La solution id\u00e9ale pour vos ext\u00e9rieurs<\/h1>\t\t\t\t<\/div>\n\t\t\t\t<\/div>\n\t\t\t\t\t<\/div>\n\t\t<\/div>\n\t\t\t\t\t<\/div>\n\t\t<\/section>\n\t\t\t\t<section class=\"elementor-section elementor-top-section elementor-element elementor-element-0502c06 elementor-section-boxed elementor-section-height-default elementor-section-height-default\" data-id=\"0502c06\" data-element_type=\"section\" data-e-type=\"section\">\n\t\t\t\t\t\t<div class=\"elementor-container elementor-column-gap-default\">\n\t\t\t\t\t<div class=\"elementor-column elementor-col-100 elementor-top-column elementor-element elementor-element-cc4271f\" data-id=\"cc4271f\" data-element_type=\"column\" data-e-type=\"column\">\n\t\t\t<div class=\"elementor-widget-wrap elementor-element-populated\">\n\t\t\t\t\t\t<div class=\"elementor-element elementor-element-20753e4 elementor-widget elementor-widget-text-editor\" data-id=\"20753e4\" data-element_type=\"widget\" data-e-type=\"widget\" data-widget_type=\"text-editor.default\">\n\t\t\t\t<div class=\"elementor-widget-container\">\n\t\t\t\t\t\t\t\t\t<p data-path-to-node=\"2\">Si vous constatez des infiltrations sur votre balcon ou votre patio, l&#8217;application d&#8217;une <b data-path-to-node=\"2\" data-index-in-node=\"113\">bande d&#8217;\u00e9tanch\u00e9it\u00e9 terrasse<\/b> <a href=\"https:\/\/adhesionxtreme.com\/fr\/\">AdhesionXtreme<\/a>\u00ae est la m\u00e9thode la plus rapide et la plus efficace pour stopper les fuites. Contrairement aux solutions liquides classiques qui demandent un long temps de s\u00e9chage, nos rubans auto-adh\u00e9sifs offrent une protection imm\u00e9diate et une r\u00e9sistance totale aux variations de temp\u00e9rature. C&#8217;est la solution de confiance pour garantir l&#8217;\u00e9tanch\u00e9it\u00e9 de vos surfaces carrel\u00e9es, en b\u00e9ton ou en bois, tout en prolongeant la dur\u00e9e de vie de votre structure ext\u00e9rieure.<\/p>\t\t\t\t\t\t\t\t<\/div>\n\t\t\t\t<\/div>\n\t\t\t\t\t<\/div>\n\t\t<\/div>\n\t\t\t\t\t<\/div>\n\t\t<\/section>\n\t\t\t\t<\/div>\n\t\t","protected":false},"excerpt":{"rendered":"<p>UTILISATIONS DOMESTIQUES 1 &#8211; R\u00e9parations de toiture 2 &#8211; P\u00e9n\u00e9trations 3 &#8211; Solins de chemin\u00e9e 4 &#8211; Lucarnes 5 &#8211; Lanterneaux 6 &#8211; Goutti\u00e8res et coutures 7 &#8211; Terrasses 8 &#8211; V\u00e9randas 9 &#8211; Sous-sols Bande d&#8217;\u00e9tanch\u00e9it\u00e9 terrasse : La solution id\u00e9ale pour vos ext\u00e9rieurs Si vous constatez des infiltrations sur votre balcon ou votre [&hellip;]<\/p>\n","protected":false},"author":1,"featured_media":0,"parent":0,"menu_order":0,"comment_status":"closed","ping_status":"closed","template":"elementor_header_footer","meta":{"footnotes":""},"class_list":["post-775","page","type-page","status-publish","hentry"],"yoast_head":"<!-- This site is optimized with the Yoast SEO plugin v26.9 - https:\/\/yoast.com\/product\/yoast-seo-wordpress\/ -->\n<title>Bande d&#039;\u00e9tanch\u00e9it\u00e9 terrasse : Usages domestiques et solutions d&#039;\u00e9tanch\u00e9it\u00e9 - Rubans de r\u00e9paration de fuites \u00e9tanches les plus vendus - R\u00e9parations rapides de fuites<\/title>\n<meta name=\"robots\" content=\"index, follow, max-snippet:-1, max-image-preview:large, max-video-preview:-1\" \/>\n<link rel=\"canonical\" href=\"https:\/\/adhesionxtreme.com\/fr\/home-uses\/\" \/>\n<meta property=\"og:locale\" content=\"en_US\" \/>\n<meta property=\"og:type\" content=\"article\" \/>\n<meta property=\"og:title\" content=\"Bande d&#039;\u00e9tanch\u00e9it\u00e9 terrasse : Usages domestiques et solutions d&#039;\u00e9tanch\u00e9it\u00e9 - Rubans de r\u00e9paration de fuites \u00e9tanches les plus vendus - R\u00e9parations rapides de fuites\" \/>\n<meta property=\"og:description\" content=\"UTILISATIONS DOMESTIQUES 1 &#8211; R\u00e9parations de toiture 2 &#8211; P\u00e9n\u00e9trations 3 &#8211; Solins de chemin\u00e9e 4 &#8211; Lucarnes 5 &#8211; Lanterneaux 6 &#8211; Goutti\u00e8res et coutures 7 &#8211; Terrasses 8 &#8211; V\u00e9randas 9 &#8211; Sous-sols Bande d&#8217;\u00e9tanch\u00e9it\u00e9 terrasse : La solution id\u00e9ale pour vos ext\u00e9rieurs Si vous constatez des infiltrations sur votre balcon ou votre [&hellip;]\" \/>\n<meta property=\"og:url\" content=\"https:\/\/adhesionxtreme.com\/fr\/home-uses\/\" \/>\n<meta property=\"og:site_name\" content=\"Rubans de r\u00e9paration de fuites \u00e9tanches les plus vendus - R\u00e9parations rapides de fuites\" \/>\n<meta property=\"article:modified_time\" content=\"2026-04-03T11:18:06+00:00\" \/>\n<meta property=\"og:image\" content=\"https:\/\/adhesionxtreme.com\/fr\/wp-content\/uploads\/2024\/07\/7-1-1.jpg\" \/>\n\t<meta property=\"og:image:width\" content=\"569\" \/>\n\t<meta property=\"og:image:height\" content=\"354\" \/>\n\t<meta property=\"og:image:type\" content=\"image\/jpeg\" \/>\n<meta name=\"twitter:card\" content=\"summary_large_image\" \/>\n<meta name=\"twitter:label1\" content=\"Est. reading time\" \/>\n\t<meta name=\"twitter:data1\" content=\"1 minute\" \/>\n<script type=\"application\/ld+json\" class=\"yoast-schema-graph\">{\"@context\":\"https:\/\/schema.org\",\"@graph\":[{\"@type\":\"WebPage\",\"@id\":\"https:\/\/adhesionxtreme.com\/fr\/home-uses\/\",\"url\":\"https:\/\/adhesionxtreme.com\/fr\/home-uses\/\",\"name\":\"Bande d'\u00e9tanch\u00e9it\u00e9 terrasse : Usages domestiques et solutions d'\u00e9tanch\u00e9it\u00e9 - Rubans de r\u00e9paration de fuites \u00e9tanches les plus vendus - R\u00e9parations rapides de fuites\",\"isPartOf\":{\"@id\":\"https:\/\/adhesionxtreme.com\/fr\/#website\"},\"primaryImageOfPage\":{\"@id\":\"https:\/\/adhesionxtreme.com\/fr\/home-uses\/#primaryimage\"},\"image\":{\"@id\":\"https:\/\/adhesionxtreme.com\/fr\/home-uses\/#primaryimage\"},\"thumbnailUrl\":\"https:\/\/adhesionxtreme.com\/fr\/wp-content\/uploads\/2024\/07\/7-1-1.jpg\",\"datePublished\":\"2024-07-04T09:23:54+00:00\",\"dateModified\":\"2026-04-03T11:18:06+00:00\",\"breadcrumb\":{\"@id\":\"https:\/\/adhesionxtreme.com\/fr\/home-uses\/#breadcrumb\"},\"inLanguage\":\"en-US\",\"potentialAction\":[{\"@type\":\"ReadAction\",\"target\":[\"https:\/\/adhesionxtreme.com\/fr\/home-uses\/\"]}]},{\"@type\":\"ImageObject\",\"inLanguage\":\"en-US\",\"@id\":\"https:\/\/adhesionxtreme.com\/fr\/home-uses\/#primaryimage\",\"url\":\"https:\/\/adhesionxtreme.com\/fr\/wp-content\/uploads\/2024\/07\/7-1-1.jpg\",\"contentUrl\":\"https:\/\/adhesionxtreme.com\/fr\/wp-content\/uploads\/2024\/07\/7-1-1.jpg\",\"width\":569,\"height\":354},{\"@type\":\"BreadcrumbList\",\"@id\":\"https:\/\/adhesionxtreme.com\/fr\/home-uses\/#breadcrumb\",\"itemListElement\":[{\"@type\":\"ListItem\",\"position\":1,\"name\":\"Home\",\"item\":\"https:\/\/adhesionxtreme.com\/fr\/\"},{\"@type\":\"ListItem\",\"position\":2,\"name\":\"Bande d&#8217;\u00e9tanch\u00e9it\u00e9 terrasse : Usages domestiques et solutions d&#8217;\u00e9tanch\u00e9it\u00e9\"}]},{\"@type\":\"WebSite\",\"@id\":\"https:\/\/adhesionxtreme.com\/fr\/#website\",\"url\":\"https:\/\/adhesionxtreme.com\/fr\/\",\"name\":\"Rubans de r\u00e9paration de fuites \u00e9tanches les plus vendus - R\u00e9parations rapides de fuites\",\"description\":\"\",\"potentialAction\":[{\"@type\":\"SearchAction\",\"target\":{\"@type\":\"EntryPoint\",\"urlTemplate\":\"https:\/\/adhesionxtreme.com\/fr\/?s={search_term_string}\"},\"query-input\":{\"@type\":\"PropertyValueSpecification\",\"valueRequired\":true,\"valueName\":\"search_term_string\"}}],\"inLanguage\":\"en-US\"}]}<\/script>\n<!-- \/ Yoast SEO plugin. -->","yoast_head_json":{"title":"Bande d'\u00e9tanch\u00e9it\u00e9 terrasse : Usages domestiques et solutions d'\u00e9tanch\u00e9it\u00e9 - Rubans de r\u00e9paration de fuites \u00e9tanches les plus vendus - R\u00e9parations rapides de fuites","robots":{"index":"index","follow":"follow","max-snippet":"max-snippet:-1","max-image-preview":"max-image-preview:large","max-video-preview":"max-video-preview:-1"},"canonical":"https:\/\/adhesionxtreme.com\/fr\/home-uses\/","og_locale":"en_US","og_type":"article","og_title":"Bande d'\u00e9tanch\u00e9it\u00e9 terrasse : Usages domestiques et solutions d'\u00e9tanch\u00e9it\u00e9 - Rubans de r\u00e9paration de fuites \u00e9tanches les plus vendus - R\u00e9parations rapides de fuites","og_description":"UTILISATIONS DOMESTIQUES 1 &#8211; R\u00e9parations de toiture 2 &#8211; P\u00e9n\u00e9trations 3 &#8211; Solins de chemin\u00e9e 4 &#8211; Lucarnes 5 &#8211; Lanterneaux 6 &#8211; Goutti\u00e8res et coutures 7 &#8211; Terrasses 8 &#8211; V\u00e9randas 9 &#8211; Sous-sols Bande d&#8217;\u00e9tanch\u00e9it\u00e9 terrasse : La solution id\u00e9ale pour vos ext\u00e9rieurs Si vous constatez des infiltrations sur votre balcon ou votre [&hellip;]","og_url":"https:\/\/adhesionxtreme.com\/fr\/home-uses\/","og_site_name":"Rubans de r\u00e9paration de fuites \u00e9tanches les plus vendus - R\u00e9parations rapides de fuites","article_modified_time":"2026-04-03T11:18:06+00:00","og_image":[{"width":569,"height":354,"url":"https:\/\/adhesionxtreme.com\/fr\/wp-content\/uploads\/2024\/07\/7-1-1.jpg","type":"image\/jpeg"}],"twitter_card":"summary_large_image","twitter_misc":{"Est. reading time":"1 minute"},"schema":{"@context":"https:\/\/schema.org","@graph":[{"@type":"WebPage","@id":"https:\/\/adhesionxtreme.com\/fr\/home-uses\/","url":"https:\/\/adhesionxtreme.com\/fr\/home-uses\/","name":"Bande d'\u00e9tanch\u00e9it\u00e9 terrasse : Usages domestiques et solutions d'\u00e9tanch\u00e9it\u00e9 - Rubans de r\u00e9paration de fuites \u00e9tanches les plus vendus - R\u00e9parations rapides de fuites","isPartOf":{"@id":"https:\/\/adhesionxtreme.com\/fr\/#website"},"primaryImageOfPage":{"@id":"https:\/\/adhesionxtreme.com\/fr\/home-uses\/#primaryimage"},"image":{"@id":"https:\/\/adhesionxtreme.com\/fr\/home-uses\/#primaryimage"},"thumbnailUrl":"https:\/\/adhesionxtreme.com\/fr\/wp-content\/uploads\/2024\/07\/7-1-1.jpg","datePublished":"2024-07-04T09:23:54+00:00","dateModified":"2026-04-03T11:18:06+00:00","breadcrumb":{"@id":"https:\/\/adhesionxtreme.com\/fr\/home-uses\/#breadcrumb"},"inLanguage":"en-US","potentialAction":[{"@type":"ReadAction","target":["https:\/\/adhesionxtreme.com\/fr\/home-uses\/"]}]},{"@type":"ImageObject","inLanguage":"en-US","@id":"https:\/\/adhesionxtreme.com\/fr\/home-uses\/#primaryimage","url":"https:\/\/adhesionxtreme.com\/fr\/wp-content\/uploads\/2024\/07\/7-1-1.jpg","contentUrl":"https:\/\/adhesionxtreme.com\/fr\/wp-content\/uploads\/2024\/07\/7-1-1.jpg","width":569,"height":354},{"@type":"BreadcrumbList","@id":"https:\/\/adhesionxtreme.com\/fr\/home-uses\/#breadcrumb","itemListElement":[{"@type":"ListItem","position":1,"name":"Home","item":"https:\/\/adhesionxtreme.com\/fr\/"},{"@type":"ListItem","position":2,"name":"Bande d&#8217;\u00e9tanch\u00e9it\u00e9 terrasse : Usages domestiques et solutions d&#8217;\u00e9tanch\u00e9it\u00e9"}]},{"@type":"WebSite","@id":"https:\/\/adhesionxtreme.com\/fr\/#website","url":"https:\/\/adhesionxtreme.com\/fr\/","name":"Rubans de r\u00e9paration de fuites \u00e9tanches les plus vendus - R\u00e9parations rapides de fuites","description":"","potentialAction":[{"@type":"SearchAction","target":{"@type":"EntryPoint","urlTemplate":"https:\/\/adhesionxtreme.com\/fr\/?s={search_term_string}"},"query-input":{"@type":"PropertyValueSpecification","valueRequired":true,"valueName":"search_term_string"}}],"inLanguage":"en-US"}]}},"_links":{"self":[{"href":"https:\/\/adhesionxtreme.com\/fr\/wp-json\/wp\/v2\/pages\/775","targetHints":{"allow":["GET"]}}],"collection":[{"href":"https:\/\/adhesionxtreme.com\/fr\/wp-json\/wp\/v2\/pages"}],"about":[{"href":"https:\/\/adhesionxtreme.com\/fr\/wp-json\/wp\/v2\/types\/page"}],"author":[{"embeddable":true,"href":"https:\/\/adhesionxtreme.com\/fr\/wp-json\/wp\/v2\/users\/1"}],"replies":[{"embeddable":true,"href":"https:\/\/adhesionxtreme.com\/fr\/wp-json\/wp\/v2\/comments?post=775"}],"version-history":[{"count":0,"href":"https:\/\/adhesionxtreme.com\/fr\/wp-json\/wp\/v2\/pages\/775\/revisions"}],"wp:attachment":[{"href":"https:\/\/adhesionxtreme.com\/fr\/wp-json\/wp\/v2\/media?parent=775"}],"curies":[{"name":"wp","href":"https:\/\/api.w.org\/{rel}","templated":true}]}}