{"id":664,"date":"2024-07-04T06:53:30","date_gmt":"2024-07-04T06:53:30","guid":{"rendered":"http:\/\/localhost\/fr\/?page_id=664"},"modified":"2026-04-03T11:17:34","modified_gmt":"2026-04-03T11:17:34","slug":"caravan-uses","status":"publish","type":"page","link":"https:\/\/adhesionxtreme.com\/fr\/caravan-uses\/","title":{"rendered":"Caravan Uses"},"content":{"rendered":"\t\t<div data-elementor-type=\"wp-page\" data-elementor-id=\"664\" class=\"elementor elementor-664\" data-elementor-post-type=\"page\">\n\t\t\t\t\t\t<section class=\"elementor-section elementor-top-section elementor-element elementor-element-757e319 elementor-section-height-min-height elementor-section-boxed elementor-section-height-default elementor-section-items-middle\" data-id=\"757e319\" data-element_type=\"section\" data-e-type=\"section\" data-settings=\"{&quot;background_background&quot;:&quot;classic&quot;}\">\n\t\t\t\t\t\t\t<div class=\"elementor-background-overlay\"><\/div>\n\t\t\t\t\t\t\t<div class=\"elementor-container elementor-column-gap-default\">\n\t\t\t\t\t<div class=\"elementor-column elementor-col-100 elementor-top-column elementor-element elementor-element-7233503\" data-id=\"7233503\" data-element_type=\"column\" data-e-type=\"column\">\n\t\t\t<div class=\"elementor-widget-wrap elementor-element-populated\">\n\t\t\t\t\t\t<div class=\"elementor-element elementor-element-29f11e5 elementor-widget elementor-widget-heading\" data-id=\"29f11e5\" data-element_type=\"widget\" data-e-type=\"widget\" data-widget_type=\"heading.default\">\n\t\t\t\t<div class=\"elementor-widget-container\">\n\t\t\t\t\t<h2 class=\"elementor-heading-title elementor-size-default\">UTILISATIONS CARAVANES ET CAMPING-CARS<\/h2>\t\t\t\t<\/div>\n\t\t\t\t<\/div>\n\t\t\t\t\t<\/div>\n\t\t<\/div>\n\t\t\t\t\t<\/div>\n\t\t<\/section>\n\t\t\t\t<section class=\"elementor-section elementor-top-section elementor-element elementor-element-5e53b88 elementor-section-content-middle elementor-section-boxed elementor-section-height-default elementor-section-height-default\" data-id=\"5e53b88\" data-element_type=\"section\" data-e-type=\"section\" data-settings=\"{&quot;background_background&quot;:&quot;classic&quot;}\">\n\t\t\t\t\t\t\t<div class=\"elementor-background-overlay\"><\/div>\n\t\t\t\t\t\t\t<div class=\"elementor-container elementor-column-gap-default\">\n\t\t\t\t\t<div class=\"elementor-column elementor-col-33 elementor-top-column elementor-element elementor-element-bea28df elementor-invisible\" data-id=\"bea28df\" data-element_type=\"column\" data-e-type=\"column\" data-settings=\"{&quot;animation&quot;:&quot;fadeInLeft&quot;}\">\n\t\t\t<div class=\"elementor-widget-wrap elementor-element-populated\">\n\t\t\t\t\t\t<div class=\"elementor-element elementor-element-e7fccf8 elementor-widget elementor-widget-image\" data-id=\"e7fccf8\" data-element_type=\"widget\" data-e-type=\"widget\" data-widget_type=\"image.default\">\n\t\t\t\t<div class=\"elementor-widget-container\">\n\t\t\t\t\t\t\t\t\t\t\t\t\t\t\t<img fetchpriority=\"high\" decoding=\"async\" width=\"538\" height=\"334\" src=\"https:\/\/adhesionxtreme.com\/fr\/wp-content\/uploads\/2024\/07\/1.png\" class=\"attachment-full size-full wp-image-669\" alt=\"\" srcset=\"https:\/\/adhesionxtreme.com\/fr\/wp-content\/uploads\/2024\/07\/1.png 538w, https:\/\/adhesionxtreme.com\/fr\/wp-content\/uploads\/2024\/07\/1-300x186.png 300w\" sizes=\"(max-width: 538px) 100vw, 538px\" \/>\t\t\t\t\t\t\t\t\t\t\t\t\t\t\t<\/div>\n\t\t\t\t<\/div>\n\t\t\t\t\t<\/div>\n\t\t<\/div>\n\t\t\t\t<div class=\"elementor-column elementor-col-33 elementor-top-column elementor-element elementor-element-5aa7a82 elementor-invisible\" data-id=\"5aa7a82\" data-element_type=\"column\" data-e-type=\"column\" data-settings=\"{&quot;animation&quot;:&quot;bounceInUp&quot;}\">\n\t\t\t<div class=\"elementor-widget-wrap elementor-element-populated\">\n\t\t\t\t\t\t<div class=\"elementor-element elementor-element-fb25a51 elementor-align-start carvan-list elementor-mobile-align-start elementor-icon-list--layout-traditional elementor-list-item-link-full_width elementor-widget elementor-widget-icon-list\" data-id=\"fb25a51\" data-element_type=\"widget\" data-e-type=\"widget\" data-widget_type=\"icon-list.default\">\n\t\t\t\t<div class=\"elementor-widget-container\">\n\t\t\t\t\t\t\t<ul class=\"elementor-icon-list-items\">\n\t\t\t\t\t\t\t<li class=\"elementor-icon-list-item\">\n\t\t\t\t\t\t\t\t\t\t<span class=\"elementor-icon-list-text\">1 - Lanterneaux<\/span>\n\t\t\t\t\t\t\t\t\t<\/li>\n\t\t\t\t\t\t\t\t<li class=\"elementor-icon-list-item\">\n\t\t\t\t\t\t\t\t\t\t<span class=\"elementor-icon-list-text\">2 - P\u00e9n\u00e9trations du toit<\/span>\n\t\t\t\t\t\t\t\t\t<\/li>\n\t\t\t\t\t\t\t\t<li class=\"elementor-icon-list-item\">\n\t\t\t\t\t\t\t\t\t\t<span class=\"elementor-icon-list-text\">3 - R\u00e9paration et entretien des coutures<\/span>\n\t\t\t\t\t\t\t\t\t<\/li>\n\t\t\t\t\t\t\t\t<li class=\"elementor-icon-list-item\">\n\t\t\t\t\t\t\t\t\t\t<span class=\"elementor-icon-list-text\">4 - Joints de fen\u00eatre<\/span>\n\t\t\t\t\t\t\t\t\t<\/li>\n\t\t\t\t\t\t\t\t<li class=\"elementor-icon-list-item\">\n\t\t\t\t\t\t\t\t\t\t<span class=\"elementor-icon-list-text\">5 - P\u00e9n\u00e9trations au sol<\/span>\n\t\t\t\t\t\t\t\t\t<\/li>\n\t\t\t\t\t\t\t\t<li class=\"elementor-icon-list-item\">\n\t\t\t\t\t\t\t\t\t\t<span class=\"elementor-icon-list-text\">6 - R\u00e9servoirs de r\u00e9tention<\/span>\n\t\t\t\t\t\t\t\t\t<\/li>\n\t\t\t\t\t\t\t\t<li class=\"elementor-icon-list-item\">\n\t\t\t\t\t\t\t\t\t\t<span class=\"elementor-icon-list-text\">7 - A\u00e9rations<\/span>\n\t\t\t\t\t\t\t\t\t<\/li>\n\t\t\t\t\t\t<\/ul>\n\t\t\t\t\t\t<\/div>\n\t\t\t\t<\/div>\n\t\t\t\t\t<\/div>\n\t\t<\/div>\n\t\t\t\t<div class=\"elementor-column elementor-col-33 elementor-top-column elementor-element elementor-element-859cec2 elementor-invisible\" data-id=\"859cec2\" data-element_type=\"column\" data-e-type=\"column\" data-settings=\"{&quot;animation&quot;:&quot;fadeInRight&quot;}\">\n\t\t\t<div class=\"elementor-widget-wrap elementor-element-populated\">\n\t\t\t\t\t\t<div class=\"elementor-element elementor-element-189819b elementor-widget elementor-widget-image\" data-id=\"189819b\" data-element_type=\"widget\" data-e-type=\"widget\" data-widget_type=\"image.default\">\n\t\t\t\t<div class=\"elementor-widget-container\">\n\t\t\t\t\t\t\t\t\t\t\t\t\t\t\t<img decoding=\"async\" width=\"620\" height=\"296\" src=\"https:\/\/adhesionxtreme.com\/fr\/wp-content\/uploads\/2024\/07\/2.png\" class=\"attachment-full size-full wp-image-670\" alt=\"\" srcset=\"https:\/\/adhesionxtreme.com\/fr\/wp-content\/uploads\/2024\/07\/2.png 620w, https:\/\/adhesionxtreme.com\/fr\/wp-content\/uploads\/2024\/07\/2-300x143.png 300w, https:\/\/adhesionxtreme.com\/fr\/wp-content\/uploads\/2024\/07\/2-600x286.png 600w\" sizes=\"(max-width: 620px) 100vw, 620px\" \/>\t\t\t\t\t\t\t\t\t\t\t\t\t\t\t<\/div>\n\t\t\t\t<\/div>\n\t\t\t\t\t<\/div>\n\t\t<\/div>\n\t\t\t\t\t<\/div>\n\t\t<\/section>\n\t\t\t\t<section class=\"elementor-section elementor-top-section elementor-element elementor-element-e85f5f2 elementor-section-boxed elementor-section-height-default elementor-section-height-default\" data-id=\"e85f5f2\" data-element_type=\"section\" data-e-type=\"section\">\n\t\t\t\t\t\t<div class=\"elementor-container elementor-column-gap-default\">\n\t\t\t\t\t<div class=\"elementor-column elementor-col-100 elementor-top-column elementor-element elementor-element-7960a33\" data-id=\"7960a33\" data-element_type=\"column\" data-e-type=\"column\">\n\t\t\t<div class=\"elementor-widget-wrap elementor-element-populated\">\n\t\t\t\t\t\t<div class=\"elementor-element elementor-element-7fa3b0e elementor-widget elementor-widget-heading\" data-id=\"7fa3b0e\" data-element_type=\"widget\" data-e-type=\"widget\" data-widget_type=\"heading.default\">\n\t\t\t\t<div class=\"elementor-widget-container\">\n\t\t\t\t\t<h1 class=\"elementor-heading-title elementor-size-default\">Ruban \u00e9tanche camping car : Solutions pour caravanes et v\u00e9hicules de loisirs<\/h1>\t\t\t\t<\/div>\n\t\t\t\t<\/div>\n\t\t\t\t\t<\/div>\n\t\t<\/div>\n\t\t\t\t\t<\/div>\n\t\t<\/section>\n\t\t\t\t<section class=\"elementor-section elementor-top-section elementor-element elementor-element-616f7ae elementor-section-boxed elementor-section-height-default elementor-section-height-default\" data-id=\"616f7ae\" data-element_type=\"section\" data-e-type=\"section\">\n\t\t\t\t\t\t<div class=\"elementor-container elementor-column-gap-default\">\n\t\t\t\t\t<div class=\"elementor-column elementor-col-100 elementor-top-column elementor-element elementor-element-eb5181e\" data-id=\"eb5181e\" data-element_type=\"column\" data-e-type=\"column\">\n\t\t\t<div class=\"elementor-widget-wrap elementor-element-populated\">\n\t\t\t\t\t\t<div class=\"elementor-element elementor-element-9746db6 elementor-widget elementor-widget-text-editor\" data-id=\"9746db6\" data-element_type=\"widget\" data-e-type=\"widget\" data-widget_type=\"text-editor.default\">\n\t\t\t\t<div class=\"elementor-widget-container\">\n\t\t\t\t\t\t\t\t\t<blockquote data-path-to-node=\"15\"><p data-path-to-node=\"15,0\">Pour garantir des voyages sans soucis, l&#8217;utilisation d&#8217;un <a href=\"https:\/\/adhesionxtreme.com\/fr\/produits\/\"><b data-path-to-node=\"15,0\" data-index-in-node=\"60\">ruban \u00e9tanche camping car<\/b><\/a> de haute qualit\u00e9 est la solution indispensable contre les infiltrations d&#8217;eau au niveau du toit, des lanterneaux ou des joints de carrosserie. Chez AdhesionXtreme\u00ae, nos produits sont sp\u00e9cialement con\u00e7us pour r\u00e9sister aux vibrations de la route et aux conditions climatiques extr\u00eames, offrant ainsi une \u00e9tanch\u00e9it\u00e9 imm\u00e9diate et permanente pour votre camping-car ou votre caravane.\u00a0<\/p><\/blockquote>\t\t\t\t\t\t\t\t<\/div>\n\t\t\t\t<\/div>\n\t\t\t\t\t<\/div>\n\t\t<\/div>\n\t\t\t\t\t<\/div>\n\t\t<\/section>\n\t\t\t\t<\/div>\n\t\t","protected":false},"excerpt":{"rendered":"<p>UTILISATIONS CARAVANES ET CAMPING-CARS 1 &#8211; Lanterneaux 2 &#8211; P\u00e9n\u00e9trations du toit 3 &#8211; R\u00e9paration et entretien des coutures 4 &#8211; Joints de fen\u00eatre 5 &#8211; P\u00e9n\u00e9trations au sol 6 &#8211; R\u00e9servoirs de r\u00e9tention 7 &#8211; A\u00e9rations Ruban \u00e9tanche camping car : Solutions pour caravanes et v\u00e9hicules de loisirs Pour garantir des voyages sans soucis, [&hellip;]<\/p>\n","protected":false},"author":1,"featured_media":0,"parent":0,"menu_order":0,"comment_status":"closed","ping_status":"closed","template":"elementor_header_footer","meta":{"footnotes":""},"class_list":["post-664","page","type-page","status-publish","hentry"],"yoast_head":"<!-- This site is optimized with the Yoast SEO plugin v26.9 - https:\/\/yoast.com\/product\/yoast-seo-wordpress\/ -->\n<title>Ruban \u00e9tanche camping car et caravane | AdhesionXtreme\u00ae<\/title>\n<meta name=\"description\" content=\"Stoppez les fuites de votre v\u00e9hicule de loisirs avec notre ruban \u00e9tanche camping car. Une solution de r\u00e9paration rapide, durable et r\u00e9sistante aux UV.\" \/>\n<meta name=\"robots\" content=\"index, follow, max-snippet:-1, max-image-preview:large, max-video-preview:-1\" \/>\n<link rel=\"canonical\" href=\"https:\/\/adhesionxtreme.com\/fr\/caravan-uses\/\" \/>\n<meta property=\"og:locale\" content=\"en_US\" \/>\n<meta property=\"og:type\" content=\"article\" \/>\n<meta property=\"og:title\" content=\"Ruban \u00e9tanche camping car et caravane | AdhesionXtreme\u00ae\" \/>\n<meta property=\"og:description\" content=\"Stoppez les fuites de votre v\u00e9hicule de loisirs avec notre ruban \u00e9tanche camping car. Une solution de r\u00e9paration rapide, durable et r\u00e9sistante aux UV.\" \/>\n<meta property=\"og:url\" content=\"https:\/\/adhesionxtreme.com\/fr\/caravan-uses\/\" \/>\n<meta property=\"og:site_name\" content=\"Rubans de r\u00e9paration de fuites \u00e9tanches les plus vendus - R\u00e9parations rapides de fuites\" \/>\n<meta property=\"article:modified_time\" content=\"2026-04-03T11:17:34+00:00\" \/>\n<meta property=\"og:image\" content=\"https:\/\/adhesionxtreme.com\/fr\/wp-content\/uploads\/2024\/07\/1.png\" \/>\n\t<meta property=\"og:image:width\" content=\"538\" \/>\n\t<meta property=\"og:image:height\" content=\"334\" \/>\n\t<meta property=\"og:image:type\" content=\"image\/png\" \/>\n<meta name=\"twitter:card\" content=\"summary_large_image\" \/>\n<meta name=\"twitter:label1\" content=\"Est. reading time\" \/>\n\t<meta name=\"twitter:data1\" content=\"1 minute\" \/>\n<script type=\"application\/ld+json\" class=\"yoast-schema-graph\">{\"@context\":\"https:\/\/schema.org\",\"@graph\":[{\"@type\":\"WebPage\",\"@id\":\"https:\/\/adhesionxtreme.com\/fr\/caravan-uses\/\",\"url\":\"https:\/\/adhesionxtreme.com\/fr\/caravan-uses\/\",\"name\":\"Ruban \u00e9tanche camping car et caravane | AdhesionXtreme\u00ae\",\"isPartOf\":{\"@id\":\"https:\/\/adhesionxtreme.com\/fr\/#website\"},\"primaryImageOfPage\":{\"@id\":\"https:\/\/adhesionxtreme.com\/fr\/caravan-uses\/#primaryimage\"},\"image\":{\"@id\":\"https:\/\/adhesionxtreme.com\/fr\/caravan-uses\/#primaryimage\"},\"thumbnailUrl\":\"https:\/\/adhesionxtreme.com\/fr\/wp-content\/uploads\/2024\/07\/1.png\",\"datePublished\":\"2024-07-04T06:53:30+00:00\",\"dateModified\":\"2026-04-03T11:17:34+00:00\",\"description\":\"Stoppez les fuites de votre v\u00e9hicule de loisirs avec notre ruban \u00e9tanche camping car. Une solution de r\u00e9paration rapide, durable et r\u00e9sistante aux UV.\",\"breadcrumb\":{\"@id\":\"https:\/\/adhesionxtreme.com\/fr\/caravan-uses\/#breadcrumb\"},\"inLanguage\":\"en-US\",\"potentialAction\":[{\"@type\":\"ReadAction\",\"target\":[\"https:\/\/adhesionxtreme.com\/fr\/caravan-uses\/\"]}]},{\"@type\":\"ImageObject\",\"inLanguage\":\"en-US\",\"@id\":\"https:\/\/adhesionxtreme.com\/fr\/caravan-uses\/#primaryimage\",\"url\":\"https:\/\/adhesionxtreme.com\/fr\/wp-content\/uploads\/2024\/07\/1.png\",\"contentUrl\":\"https:\/\/adhesionxtreme.com\/fr\/wp-content\/uploads\/2024\/07\/1.png\",\"width\":538,\"height\":334},{\"@type\":\"BreadcrumbList\",\"@id\":\"https:\/\/adhesionxtreme.com\/fr\/caravan-uses\/#breadcrumb\",\"itemListElement\":[{\"@type\":\"ListItem\",\"position\":1,\"name\":\"Home\",\"item\":\"https:\/\/adhesionxtreme.com\/fr\/\"},{\"@type\":\"ListItem\",\"position\":2,\"name\":\"Caravan Uses\"}]},{\"@type\":\"WebSite\",\"@id\":\"https:\/\/adhesionxtreme.com\/fr\/#website\",\"url\":\"https:\/\/adhesionxtreme.com\/fr\/\",\"name\":\"Rubans de r\u00e9paration de fuites \u00e9tanches les plus vendus - R\u00e9parations rapides de fuites\",\"description\":\"\",\"potentialAction\":[{\"@type\":\"SearchAction\",\"target\":{\"@type\":\"EntryPoint\",\"urlTemplate\":\"https:\/\/adhesionxtreme.com\/fr\/?s={search_term_string}\"},\"query-input\":{\"@type\":\"PropertyValueSpecification\",\"valueRequired\":true,\"valueName\":\"search_term_string\"}}],\"inLanguage\":\"en-US\"}]}<\/script>\n<!-- \/ Yoast SEO plugin. -->","yoast_head_json":{"title":"Ruban \u00e9tanche camping car et caravane | AdhesionXtreme\u00ae","description":"Stoppez les fuites de votre v\u00e9hicule de loisirs avec notre ruban \u00e9tanche camping car. Une solution de r\u00e9paration rapide, durable et r\u00e9sistante aux UV.","robots":{"index":"index","follow":"follow","max-snippet":"max-snippet:-1","max-image-preview":"max-image-preview:large","max-video-preview":"max-video-preview:-1"},"canonical":"https:\/\/adhesionxtreme.com\/fr\/caravan-uses\/","og_locale":"en_US","og_type":"article","og_title":"Ruban \u00e9tanche camping car et caravane | AdhesionXtreme\u00ae","og_description":"Stoppez les fuites de votre v\u00e9hicule de loisirs avec notre ruban \u00e9tanche camping car. Une solution de r\u00e9paration rapide, durable et r\u00e9sistante aux UV.","og_url":"https:\/\/adhesionxtreme.com\/fr\/caravan-uses\/","og_site_name":"Rubans de r\u00e9paration de fuites \u00e9tanches les plus vendus - R\u00e9parations rapides de fuites","article_modified_time":"2026-04-03T11:17:34+00:00","og_image":[{"width":538,"height":334,"url":"https:\/\/adhesionxtreme.com\/fr\/wp-content\/uploads\/2024\/07\/1.png","type":"image\/png"}],"twitter_card":"summary_large_image","twitter_misc":{"Est. reading time":"1 minute"},"schema":{"@context":"https:\/\/schema.org","@graph":[{"@type":"WebPage","@id":"https:\/\/adhesionxtreme.com\/fr\/caravan-uses\/","url":"https:\/\/adhesionxtreme.com\/fr\/caravan-uses\/","name":"Ruban \u00e9tanche camping car et caravane | AdhesionXtreme\u00ae","isPartOf":{"@id":"https:\/\/adhesionxtreme.com\/fr\/#website"},"primaryImageOfPage":{"@id":"https:\/\/adhesionxtreme.com\/fr\/caravan-uses\/#primaryimage"},"image":{"@id":"https:\/\/adhesionxtreme.com\/fr\/caravan-uses\/#primaryimage"},"thumbnailUrl":"https:\/\/adhesionxtreme.com\/fr\/wp-content\/uploads\/2024\/07\/1.png","datePublished":"2024-07-04T06:53:30+00:00","dateModified":"2026-04-03T11:17:34+00:00","description":"Stoppez les fuites de votre v\u00e9hicule de loisirs avec notre ruban \u00e9tanche camping car. Une solution de r\u00e9paration rapide, durable et r\u00e9sistante aux UV.","breadcrumb":{"@id":"https:\/\/adhesionxtreme.com\/fr\/caravan-uses\/#breadcrumb"},"inLanguage":"en-US","potentialAction":[{"@type":"ReadAction","target":["https:\/\/adhesionxtreme.com\/fr\/caravan-uses\/"]}]},{"@type":"ImageObject","inLanguage":"en-US","@id":"https:\/\/adhesionxtreme.com\/fr\/caravan-uses\/#primaryimage","url":"https:\/\/adhesionxtreme.com\/fr\/wp-content\/uploads\/2024\/07\/1.png","contentUrl":"https:\/\/adhesionxtreme.com\/fr\/wp-content\/uploads\/2024\/07\/1.png","width":538,"height":334},{"@type":"BreadcrumbList","@id":"https:\/\/adhesionxtreme.com\/fr\/caravan-uses\/#breadcrumb","itemListElement":[{"@type":"ListItem","position":1,"name":"Home","item":"https:\/\/adhesionxtreme.com\/fr\/"},{"@type":"ListItem","position":2,"name":"Caravan Uses"}]},{"@type":"WebSite","@id":"https:\/\/adhesionxtreme.com\/fr\/#website","url":"https:\/\/adhesionxtreme.com\/fr\/","name":"Rubans de r\u00e9paration de fuites \u00e9tanches les plus vendus - R\u00e9parations rapides de fuites","description":"","potentialAction":[{"@type":"SearchAction","target":{"@type":"EntryPoint","urlTemplate":"https:\/\/adhesionxtreme.com\/fr\/?s={search_term_string}"},"query-input":{"@type":"PropertyValueSpecification","valueRequired":true,"valueName":"search_term_string"}}],"inLanguage":"en-US"}]}},"_links":{"self":[{"href":"https:\/\/adhesionxtreme.com\/fr\/wp-json\/wp\/v2\/pages\/664","targetHints":{"allow":["GET"]}}],"collection":[{"href":"https:\/\/adhesionxtreme.com\/fr\/wp-json\/wp\/v2\/pages"}],"about":[{"href":"https:\/\/adhesionxtreme.com\/fr\/wp-json\/wp\/v2\/types\/page"}],"author":[{"embeddable":true,"href":"https:\/\/adhesionxtreme.com\/fr\/wp-json\/wp\/v2\/users\/1"}],"replies":[{"embeddable":true,"href":"https:\/\/adhesionxtreme.com\/fr\/wp-json\/wp\/v2\/comments?post=664"}],"version-history":[{"count":0,"href":"https:\/\/adhesionxtreme.com\/fr\/wp-json\/wp\/v2\/pages\/664\/revisions"}],"wp:attachment":[{"href":"https:\/\/adhesionxtreme.com\/fr\/wp-json\/wp\/v2\/media?parent=664"}],"curies":[{"name":"wp","href":"https:\/\/api.w.org\/{rel}","templated":true}]}}