{"id":1311,"date":"2024-07-11T06:36:53","date_gmt":"2024-07-11T06:36:53","guid":{"rendered":"http:\/\/localhost\/fr\/?page_id=1311"},"modified":"2025-12-12T06:41:47","modified_gmt":"2025-12-12T06:41:47","slug":"reviews","status":"publish","type":"page","link":"https:\/\/adhesionxtreme.com\/fr\/reviews\/","title":{"rendered":"Reviews"},"content":{"rendered":"\t\t<div data-elementor-type=\"wp-page\" data-elementor-id=\"1311\" class=\"elementor elementor-1311\" data-elementor-post-type=\"page\">\n\t\t\t\t\t\t<section class=\"elementor-section elementor-top-section elementor-element elementor-element-8ed0ff8 elementor-section-height-min-height elementor-section-boxed elementor-section-height-default elementor-section-items-middle\" data-id=\"8ed0ff8\" data-element_type=\"section\" data-e-type=\"section\" data-settings=\"{&quot;background_background&quot;:&quot;classic&quot;}\">\n\t\t\t\t\t\t\t<div class=\"elementor-background-overlay\"><\/div>\n\t\t\t\t\t\t\t<div class=\"elementor-container elementor-column-gap-default\">\n\t\t\t\t\t<div class=\"elementor-column elementor-col-100 elementor-top-column elementor-element elementor-element-28351e2\" data-id=\"28351e2\" data-element_type=\"column\" data-e-type=\"column\">\n\t\t\t<div class=\"elementor-widget-wrap elementor-element-populated\">\n\t\t\t\t\t\t<div class=\"elementor-element elementor-element-2f1b7d1 elementor-widget elementor-widget-heading\" data-id=\"2f1b7d1\" data-element_type=\"widget\" data-e-type=\"widget\" data-widget_type=\"heading.default\">\n\t\t\t\t<div class=\"elementor-widget-container\">\n\t\t\t\t\t<h2 class=\"elementor-heading-title elementor-size-default\">Reviews<\/h2>\t\t\t\t<\/div>\n\t\t\t\t<\/div>\n\t\t\t\t\t<\/div>\n\t\t<\/div>\n\t\t\t\t\t<\/div>\n\t\t<\/section>\n\t\t\t\t<section class=\"elementor-section elementor-top-section elementor-element elementor-element-5c943c0 elementor-section-boxed elementor-section-height-default elementor-section-height-default\" data-id=\"5c943c0\" data-element_type=\"section\" data-e-type=\"section\">\n\t\t\t\t\t\t<div class=\"elementor-container elementor-column-gap-default\">\n\t\t\t\t\t<div class=\"elementor-column elementor-col-100 elementor-top-column elementor-element elementor-element-6aea89d\" data-id=\"6aea89d\" data-element_type=\"column\" data-e-type=\"column\">\n\t\t\t<div class=\"elementor-widget-wrap elementor-element-populated\">\n\t\t\t\t\t\t<div class=\"elementor-element elementor-element-9d3a66b elementor-widget elementor-widget-heading\" data-id=\"9d3a66b\" data-element_type=\"widget\" data-e-type=\"widget\" data-widget_type=\"heading.default\">\n\t\t\t\t<div class=\"elementor-widget-container\">\n\t\t\t\t\t<h2 class=\"elementor-heading-title elementor-size-default\">Comming Soon.......<\/h2>\t\t\t\t<\/div>\n\t\t\t\t<\/div>\n\t\t\t\t\t<\/div>\n\t\t<\/div>\n\t\t\t\t\t<\/div>\n\t\t<\/section>\n\t\t\t\t<\/div>\n\t\t","protected":false},"excerpt":{"rendered":"<p>Reviews Comming Soon&#8230;&#8230;.<\/p>\n","protected":false},"author":1,"featured_media":0,"parent":0,"menu_order":0,"comment_status":"closed","ping_status":"closed","template":"elementor_header_footer","meta":{"footnotes":""},"class_list":["post-1311","page","type-page","status-publish","hentry"],"yoast_head":"<!-- This site is optimized with the Yoast SEO plugin v26.9 - https:\/\/yoast.com\/product\/yoast-seo-wordpress\/ -->\n<title>Reviews - Rubans de r\u00e9paration de fuites \u00e9tanches les plus vendus - R\u00e9parations rapides de fuites<\/title>\n<meta name=\"robots\" content=\"index, follow, max-snippet:-1, max-image-preview:large, max-video-preview:-1\" \/>\n<link rel=\"canonical\" href=\"https:\/\/adhesionxtreme.com\/fr\/reviews\/\" \/>\n<meta property=\"og:locale\" content=\"en_US\" \/>\n<meta property=\"og:type\" content=\"article\" \/>\n<meta property=\"og:title\" content=\"Reviews - Rubans de r\u00e9paration de fuites \u00e9tanches les plus vendus - R\u00e9parations rapides de fuites\" \/>\n<meta property=\"og:description\" content=\"Reviews Comming Soon&#8230;&#8230;.\" \/>\n<meta property=\"og:url\" content=\"https:\/\/adhesionxtreme.com\/fr\/reviews\/\" \/>\n<meta property=\"og:site_name\" content=\"Rubans de r\u00e9paration de fuites \u00e9tanches les plus vendus - R\u00e9parations rapides de fuites\" \/>\n<meta property=\"article:modified_time\" content=\"2025-12-12T06:41:47+00:00\" \/>\n<meta name=\"twitter:card\" content=\"summary_large_image\" \/>\n<script type=\"application\/ld+json\" class=\"yoast-schema-graph\">{\"@context\":\"https:\/\/schema.org\",\"@graph\":[{\"@type\":\"WebPage\",\"@id\":\"https:\/\/adhesionxtreme.com\/fr\/reviews\/\",\"url\":\"https:\/\/adhesionxtreme.com\/fr\/reviews\/\",\"name\":\"Reviews - Rubans de r\u00e9paration de fuites \u00e9tanches les plus vendus - R\u00e9parations rapides de fuites\",\"isPartOf\":{\"@id\":\"https:\/\/adhesionxtreme.com\/fr\/#website\"},\"datePublished\":\"2024-07-11T06:36:53+00:00\",\"dateModified\":\"2025-12-12T06:41:47+00:00\",\"breadcrumb\":{\"@id\":\"https:\/\/adhesionxtreme.com\/fr\/reviews\/#breadcrumb\"},\"inLanguage\":\"en-US\",\"potentialAction\":[{\"@type\":\"ReadAction\",\"target\":[\"https:\/\/adhesionxtreme.com\/fr\/reviews\/\"]}]},{\"@type\":\"BreadcrumbList\",\"@id\":\"https:\/\/adhesionxtreme.com\/fr\/reviews\/#breadcrumb\",\"itemListElement\":[{\"@type\":\"ListItem\",\"position\":1,\"name\":\"Home\",\"item\":\"https:\/\/adhesionxtreme.com\/fr\/\"},{\"@type\":\"ListItem\",\"position\":2,\"name\":\"Reviews\"}]},{\"@type\":\"WebSite\",\"@id\":\"https:\/\/adhesionxtreme.com\/fr\/#website\",\"url\":\"https:\/\/adhesionxtreme.com\/fr\/\",\"name\":\"Rubans de r\u00e9paration de fuites \u00e9tanches les plus vendus - R\u00e9parations rapides de fuites\",\"description\":\"\",\"potentialAction\":[{\"@type\":\"SearchAction\",\"target\":{\"@type\":\"EntryPoint\",\"urlTemplate\":\"https:\/\/adhesionxtreme.com\/fr\/?s={search_term_string}\"},\"query-input\":{\"@type\":\"PropertyValueSpecification\",\"valueRequired\":true,\"valueName\":\"search_term_string\"}}],\"inLanguage\":\"en-US\"}]}<\/script>\n<!-- \/ Yoast SEO plugin. -->","yoast_head_json":{"title":"Reviews - Rubans de r\u00e9paration de fuites \u00e9tanches les plus vendus - R\u00e9parations rapides de fuites","robots":{"index":"index","follow":"follow","max-snippet":"max-snippet:-1","max-image-preview":"max-image-preview:large","max-video-preview":"max-video-preview:-1"},"canonical":"https:\/\/adhesionxtreme.com\/fr\/reviews\/","og_locale":"en_US","og_type":"article","og_title":"Reviews - Rubans de r\u00e9paration de fuites \u00e9tanches les plus vendus - R\u00e9parations rapides de fuites","og_description":"Reviews Comming Soon&#8230;&#8230;.","og_url":"https:\/\/adhesionxtreme.com\/fr\/reviews\/","og_site_name":"Rubans de r\u00e9paration de fuites \u00e9tanches les plus vendus - R\u00e9parations rapides de fuites","article_modified_time":"2025-12-12T06:41:47+00:00","twitter_card":"summary_large_image","schema":{"@context":"https:\/\/schema.org","@graph":[{"@type":"WebPage","@id":"https:\/\/adhesionxtreme.com\/fr\/reviews\/","url":"https:\/\/adhesionxtreme.com\/fr\/reviews\/","name":"Reviews - Rubans de r\u00e9paration de fuites \u00e9tanches les plus vendus - R\u00e9parations rapides de fuites","isPartOf":{"@id":"https:\/\/adhesionxtreme.com\/fr\/#website"},"datePublished":"2024-07-11T06:36:53+00:00","dateModified":"2025-12-12T06:41:47+00:00","breadcrumb":{"@id":"https:\/\/adhesionxtreme.com\/fr\/reviews\/#breadcrumb"},"inLanguage":"en-US","potentialAction":[{"@type":"ReadAction","target":["https:\/\/adhesionxtreme.com\/fr\/reviews\/"]}]},{"@type":"BreadcrumbList","@id":"https:\/\/adhesionxtreme.com\/fr\/reviews\/#breadcrumb","itemListElement":[{"@type":"ListItem","position":1,"name":"Home","item":"https:\/\/adhesionxtreme.com\/fr\/"},{"@type":"ListItem","position":2,"name":"Reviews"}]},{"@type":"WebSite","@id":"https:\/\/adhesionxtreme.com\/fr\/#website","url":"https:\/\/adhesionxtreme.com\/fr\/","name":"Rubans de r\u00e9paration de fuites \u00e9tanches les plus vendus - R\u00e9parations rapides de fuites","description":"","potentialAction":[{"@type":"SearchAction","target":{"@type":"EntryPoint","urlTemplate":"https:\/\/adhesionxtreme.com\/fr\/?s={search_term_string}"},"query-input":{"@type":"PropertyValueSpecification","valueRequired":true,"valueName":"search_term_string"}}],"inLanguage":"en-US"}]}},"_links":{"self":[{"href":"https:\/\/adhesionxtreme.com\/fr\/wp-json\/wp\/v2\/pages\/1311","targetHints":{"allow":["GET"]}}],"collection":[{"href":"https:\/\/adhesionxtreme.com\/fr\/wp-json\/wp\/v2\/pages"}],"about":[{"href":"https:\/\/adhesionxtreme.com\/fr\/wp-json\/wp\/v2\/types\/page"}],"author":[{"embeddable":true,"href":"https:\/\/adhesionxtreme.com\/fr\/wp-json\/wp\/v2\/users\/1"}],"replies":[{"embeddable":true,"href":"https:\/\/adhesionxtreme.com\/fr\/wp-json\/wp\/v2\/comments?post=1311"}],"version-history":[{"count":0,"href":"https:\/\/adhesionxtreme.com\/fr\/wp-json\/wp\/v2\/pages\/1311\/revisions"}],"wp:attachment":[{"href":"https:\/\/adhesionxtreme.com\/fr\/wp-json\/wp\/v2\/media?parent=1311"}],"curies":[{"name":"wp","href":"https:\/\/api.w.org\/{rel}","templated":true}]}}