{"id":1221,"date":"2024-07-11T05:14:59","date_gmt":"2024-07-11T05:14:59","guid":{"rendered":"http:\/\/localhost\/fr\/?page_id=1221"},"modified":"2025-12-12T06:41:46","modified_gmt":"2025-12-12T06:41:46","slug":"about-us","status":"publish","type":"page","link":"https:\/\/adhesionxtreme.com\/fr\/about-us\/","title":{"rendered":"About Us"},"content":{"rendered":"\t\t<div data-elementor-type=\"wp-page\" data-elementor-id=\"1221\" class=\"elementor elementor-1221\" data-elementor-post-type=\"page\">\n\t\t\t\t\t\t<section class=\"elementor-section elementor-top-section elementor-element elementor-element-ed97df5 elementor-section-height-min-height elementor-section-boxed elementor-section-height-default elementor-section-items-middle\" data-id=\"ed97df5\" data-element_type=\"section\" data-e-type=\"section\" data-settings=\"{&quot;background_background&quot;:&quot;classic&quot;}\">\n\t\t\t\t\t\t\t<div class=\"elementor-background-overlay\"><\/div>\n\t\t\t\t\t\t\t<div class=\"elementor-container elementor-column-gap-default\">\n\t\t\t\t\t<div class=\"elementor-column elementor-col-100 elementor-top-column elementor-element elementor-element-465acc3\" data-id=\"465acc3\" data-element_type=\"column\" data-e-type=\"column\">\n\t\t\t<div class=\"elementor-widget-wrap elementor-element-populated\">\n\t\t\t\t\t\t<div class=\"elementor-element elementor-element-1304337 elementor-widget elementor-widget-heading\" data-id=\"1304337\" data-element_type=\"widget\" data-e-type=\"widget\" data-widget_type=\"heading.default\">\n\t\t\t\t<div class=\"elementor-widget-container\">\n\t\t\t\t\t<h2 class=\"elementor-heading-title elementor-size-default\">\u00c0 PROPOS DE NOUS<\/h2>\t\t\t\t<\/div>\n\t\t\t\t<\/div>\n\t\t\t\t\t<\/div>\n\t\t<\/div>\n\t\t\t\t\t<\/div>\n\t\t<\/section>\n\t\t\t\t<section class=\"elementor-section elementor-top-section elementor-element elementor-element-a8e6e98 elementor-section-boxed elementor-section-height-default elementor-section-height-default\" data-id=\"a8e6e98\" data-element_type=\"section\" data-e-type=\"section\">\n\t\t\t\t\t\t<div class=\"elementor-container elementor-column-gap-default\">\n\t\t\t\t\t<div class=\"elementor-column elementor-col-100 elementor-top-column elementor-element elementor-element-a3e19f8\" data-id=\"a3e19f8\" data-element_type=\"column\" data-e-type=\"column\">\n\t\t\t<div class=\"elementor-widget-wrap elementor-element-populated\">\n\t\t\t\t\t\t<section class=\"elementor-section elementor-inner-section elementor-element elementor-element-c0c334c elementor-section-boxed elementor-section-height-default elementor-section-height-default\" data-id=\"c0c334c\" data-element_type=\"section\" data-e-type=\"section\">\n\t\t\t\t\t\t<div class=\"elementor-container elementor-column-gap-default\">\n\t\t\t\t\t<div class=\"elementor-column elementor-col-50 elementor-inner-column elementor-element elementor-element-6254ccc abotadhesion887\" data-id=\"6254ccc\" data-element_type=\"column\" data-e-type=\"column\">\n\t\t\t<div class=\"elementor-widget-wrap elementor-element-populated\">\n\t\t\t\t\t\t<div class=\"elementor-element elementor-element-a906923 elementor-widget elementor-widget-heading\" data-id=\"a906923\" data-element_type=\"widget\" data-e-type=\"widget\" data-widget_type=\"heading.default\">\n\t\t\t\t<div class=\"elementor-widget-container\">\n\t\t\t\t\t<h2 class=\"elementor-heading-title elementor-size-default\">\u00c0 propos d'AdhesionXtreme\u00ae<\/h2>\t\t\t\t<\/div>\n\t\t\t\t<\/div>\n\t\t\t\t<div class=\"elementor-element elementor-element-30cbaee elementor-widget elementor-widget-text-editor\" data-id=\"30cbaee\" data-element_type=\"widget\" data-e-type=\"widget\" data-widget_type=\"text-editor.default\">\n\t\t\t\t<div class=\"elementor-widget-container\">\n\t\t\t\t\t\t\t\t\tAvec plus de 20 ans d&#8217;exp\u00e9rience, d&#8217;expertise et de service dans le secteur de l&#8217;imperm\u00e9abilisation, AdhesionXtreme\u00ae a d\u00e9velopper une gamme de bandes d\u2019\u00e9tanch\u00e9it\u00e9s de qualit\u00e9 sup\u00e9rieure et rentables, r\u00e9sistants \u00e0 l\u2019infiltration de l&#8217;eau et qui garantissent l\u2019\u00e9tanch\u00e9it\u00e9 des projets professionnelles, l&#8217;usage domestique et la r\u00e9paration des caravanes et des camping cars. Les commandes sont g\u00e9n\u00e9ralement exp\u00e9di\u00e9es dans les 24 heures suivant la r\u00e9ception d&#8217;une commande aux clients en France M\u00e9tropolitaine au Royaume-Uni, dans l&#8217;Union europ\u00e9enne et en Am\u00e9rique du Nord.\t\t\t\t\t\t\t\t<\/div>\n\t\t\t\t<\/div>\n\t\t\t\t<div class=\"elementor-element elementor-element-55607f6 elementor-widget elementor-widget-text-editor\" data-id=\"55607f6\" data-element_type=\"widget\" data-e-type=\"widget\" data-widget_type=\"text-editor.default\">\n\t\t\t\t<div class=\"elementor-widget-container\">\n\t\t\t\t\t\t\t\t\tContactez-nous afin de trouver le produit d\u2019\u00e9tanch\u00e9it\u00e9 adapt\u00e9 \u00e0 vos besoins sp\u00e9cifiques.\t\t\t\t\t\t\t\t<\/div>\n\t\t\t\t<\/div>\n\t\t\t\t<div class=\"elementor-element elementor-element-b342ec0 elementor-mobile-align-center elementor-widget elementor-widget-button\" data-id=\"b342ec0\" data-element_type=\"widget\" data-e-type=\"widget\" data-widget_type=\"button.default\">\n\t\t\t\t<div class=\"elementor-widget-container\">\n\t\t\t\t\t\t\t\t\t<div class=\"elementor-button-wrapper\">\n\t\t\t\t\t<a class=\"elementor-button elementor-button-link elementor-size-sm\" href=\"\/fr\/contact\/\">\n\t\t\t\t\t\t<span class=\"elementor-button-content-wrapper\">\n\t\t\t\t\t\t\t\t\t<span class=\"elementor-button-text\">CONTACTEZ-NOUS<\/span>\n\t\t\t\t\t<\/span>\n\t\t\t\t\t<\/a>\n\t\t\t\t<\/div>\n\t\t\t\t\t\t\t\t<\/div>\n\t\t\t\t<\/div>\n\t\t\t\t\t<\/div>\n\t\t<\/div>\n\t\t\t\t<div class=\"elementor-column elementor-col-50 elementor-inner-column elementor-element elementor-element-adba0da abotadhesion887\" data-id=\"adba0da\" data-element_type=\"column\" data-e-type=\"column\">\n\t\t\t<div class=\"elementor-widget-wrap elementor-element-populated\">\n\t\t\t\t\t\t<div class=\"elementor-element elementor-element-22ad675 elementor-widget elementor-widget-image\" data-id=\"22ad675\" data-element_type=\"widget\" data-e-type=\"widget\" data-widget_type=\"image.default\">\n\t\t\t\t<div class=\"elementor-widget-container\">\n\t\t\t\t\t\t\t\t\t\t\t\t\t\t\t<img fetchpriority=\"high\" decoding=\"async\" width=\"1000\" height=\"750\" src=\"https:\/\/adhesionxtreme.com\/fr\/wp-content\/uploads\/2024\/07\/Will-Photo-installing-Adhesion-Xtreme-Tape-1.jpg\" class=\"attachment-full size-full wp-image-1241\" alt=\"\" srcset=\"https:\/\/adhesionxtreme.com\/fr\/wp-content\/uploads\/2024\/07\/Will-Photo-installing-Adhesion-Xtreme-Tape-1.jpg 1000w, https:\/\/adhesionxtreme.com\/fr\/wp-content\/uploads\/2024\/07\/Will-Photo-installing-Adhesion-Xtreme-Tape-1-300x225.jpg 300w, https:\/\/adhesionxtreme.com\/fr\/wp-content\/uploads\/2024\/07\/Will-Photo-installing-Adhesion-Xtreme-Tape-1-768x576.jpg 768w, https:\/\/adhesionxtreme.com\/fr\/wp-content\/uploads\/2024\/07\/Will-Photo-installing-Adhesion-Xtreme-Tape-1-600x450.jpg 600w\" sizes=\"(max-width: 1000px) 100vw, 1000px\" \/>\t\t\t\t\t\t\t\t\t\t\t\t\t\t\t<\/div>\n\t\t\t\t<\/div>\n\t\t\t\t\t<\/div>\n\t\t<\/div>\n\t\t\t\t\t<\/div>\n\t\t<\/section>\n\t\t\t\t\t<\/div>\n\t\t<\/div>\n\t\t\t\t\t<\/div>\n\t\t<\/section>\n\t\t\t\t<\/div>\n\t\t","protected":false},"excerpt":{"rendered":"<p>\u00c0 PROPOS DE NOUS \u00c0 propos d&#8217;AdhesionXtreme\u00ae Avec plus de 20 ans d&#8217;exp\u00e9rience, d&#8217;expertise et de service dans le secteur de l&#8217;imperm\u00e9abilisation, AdhesionXtreme\u00ae a d\u00e9velopper une gamme de bandes d\u2019\u00e9tanch\u00e9it\u00e9s de qualit\u00e9 sup\u00e9rieure et rentables, r\u00e9sistants \u00e0 l\u2019infiltration de l&#8217;eau et qui garantissent l\u2019\u00e9tanch\u00e9it\u00e9 des projets professionnelles, l&#8217;usage domestique et la r\u00e9paration des caravanes et [&hellip;]<\/p>\n","protected":false},"author":1,"featured_media":0,"parent":0,"menu_order":0,"comment_status":"closed","ping_status":"closed","template":"elementor_header_footer","meta":{"footnotes":""},"class_list":["post-1221","page","type-page","status-publish","hentry"],"yoast_head":"<!-- This site is optimized with the Yoast SEO plugin v26.9 - https:\/\/yoast.com\/product\/yoast-seo-wordpress\/ -->\n<title>About Us - Rubans de r\u00e9paration de fuites \u00e9tanches les plus vendus - R\u00e9parations rapides de fuites<\/title>\n<meta name=\"robots\" content=\"index, follow, max-snippet:-1, max-image-preview:large, max-video-preview:-1\" \/>\n<link rel=\"canonical\" href=\"https:\/\/adhesionxtreme.com\/fr\/about-us\/\" \/>\n<meta property=\"og:locale\" content=\"en_US\" \/>\n<meta property=\"og:type\" content=\"article\" \/>\n<meta property=\"og:title\" content=\"About Us - Rubans de r\u00e9paration de fuites \u00e9tanches les plus vendus - R\u00e9parations rapides de fuites\" \/>\n<meta property=\"og:description\" content=\"\u00c0 PROPOS DE NOUS \u00c0 propos d&#8217;AdhesionXtreme\u00ae Avec plus de 20 ans d&#8217;exp\u00e9rience, d&#8217;expertise et de service dans le secteur de l&#8217;imperm\u00e9abilisation, AdhesionXtreme\u00ae a d\u00e9velopper une gamme de bandes d\u2019\u00e9tanch\u00e9it\u00e9s de qualit\u00e9 sup\u00e9rieure et rentables, r\u00e9sistants \u00e0 l\u2019infiltration de l&#8217;eau et qui garantissent l\u2019\u00e9tanch\u00e9it\u00e9 des projets professionnelles, l&#8217;usage domestique et la r\u00e9paration des caravanes et [&hellip;]\" \/>\n<meta property=\"og:url\" content=\"https:\/\/adhesionxtreme.com\/fr\/about-us\/\" \/>\n<meta property=\"og:site_name\" content=\"Rubans de r\u00e9paration de fuites \u00e9tanches les plus vendus - R\u00e9parations rapides de fuites\" \/>\n<meta property=\"article:modified_time\" content=\"2025-12-12T06:41:46+00:00\" \/>\n<meta property=\"og:image\" content=\"http:\/\/localhost\/fr\/wp-content\/uploads\/2024\/07\/Will-Photo-installing-Adhesion-Xtreme-Tape-1.jpg\" \/>\n<meta name=\"twitter:card\" content=\"summary_large_image\" \/>\n<meta name=\"twitter:label1\" content=\"Est. reading time\" \/>\n\t<meta name=\"twitter:data1\" content=\"1 minute\" \/>\n<script type=\"application\/ld+json\" class=\"yoast-schema-graph\">{\"@context\":\"https:\/\/schema.org\",\"@graph\":[{\"@type\":\"WebPage\",\"@id\":\"https:\/\/adhesionxtreme.com\/fr\/about-us\/\",\"url\":\"https:\/\/adhesionxtreme.com\/fr\/about-us\/\",\"name\":\"About Us - Rubans de r\u00e9paration de fuites \u00e9tanches les plus vendus - R\u00e9parations rapides de fuites\",\"isPartOf\":{\"@id\":\"https:\/\/adhesionxtreme.com\/fr\/#website\"},\"primaryImageOfPage\":{\"@id\":\"https:\/\/adhesionxtreme.com\/fr\/about-us\/#primaryimage\"},\"image\":{\"@id\":\"https:\/\/adhesionxtreme.com\/fr\/about-us\/#primaryimage\"},\"thumbnailUrl\":\"http:\/\/localhost\/fr\/wp-content\/uploads\/2024\/07\/Will-Photo-installing-Adhesion-Xtreme-Tape-1.jpg\",\"datePublished\":\"2024-07-11T05:14:59+00:00\",\"dateModified\":\"2025-12-12T06:41:46+00:00\",\"breadcrumb\":{\"@id\":\"https:\/\/adhesionxtreme.com\/fr\/about-us\/#breadcrumb\"},\"inLanguage\":\"en-US\",\"potentialAction\":[{\"@type\":\"ReadAction\",\"target\":[\"https:\/\/adhesionxtreme.com\/fr\/about-us\/\"]}]},{\"@type\":\"ImageObject\",\"inLanguage\":\"en-US\",\"@id\":\"https:\/\/adhesionxtreme.com\/fr\/about-us\/#primaryimage\",\"url\":\"http:\/\/localhost\/fr\/wp-content\/uploads\/2024\/07\/Will-Photo-installing-Adhesion-Xtreme-Tape-1.jpg\",\"contentUrl\":\"http:\/\/localhost\/fr\/wp-content\/uploads\/2024\/07\/Will-Photo-installing-Adhesion-Xtreme-Tape-1.jpg\"},{\"@type\":\"BreadcrumbList\",\"@id\":\"https:\/\/adhesionxtreme.com\/fr\/about-us\/#breadcrumb\",\"itemListElement\":[{\"@type\":\"ListItem\",\"position\":1,\"name\":\"Home\",\"item\":\"https:\/\/adhesionxtreme.com\/fr\/\"},{\"@type\":\"ListItem\",\"position\":2,\"name\":\"About Us\"}]},{\"@type\":\"WebSite\",\"@id\":\"https:\/\/adhesionxtreme.com\/fr\/#website\",\"url\":\"https:\/\/adhesionxtreme.com\/fr\/\",\"name\":\"Rubans de r\u00e9paration de fuites \u00e9tanches les plus vendus - R\u00e9parations rapides de fuites\",\"description\":\"\",\"potentialAction\":[{\"@type\":\"SearchAction\",\"target\":{\"@type\":\"EntryPoint\",\"urlTemplate\":\"https:\/\/adhesionxtreme.com\/fr\/?s={search_term_string}\"},\"query-input\":{\"@type\":\"PropertyValueSpecification\",\"valueRequired\":true,\"valueName\":\"search_term_string\"}}],\"inLanguage\":\"en-US\"}]}<\/script>\n<!-- \/ Yoast SEO plugin. -->","yoast_head_json":{"title":"About Us - Rubans de r\u00e9paration de fuites \u00e9tanches les plus vendus - R\u00e9parations rapides de fuites","robots":{"index":"index","follow":"follow","max-snippet":"max-snippet:-1","max-image-preview":"max-image-preview:large","max-video-preview":"max-video-preview:-1"},"canonical":"https:\/\/adhesionxtreme.com\/fr\/about-us\/","og_locale":"en_US","og_type":"article","og_title":"About Us - Rubans de r\u00e9paration de fuites \u00e9tanches les plus vendus - R\u00e9parations rapides de fuites","og_description":"\u00c0 PROPOS DE NOUS \u00c0 propos d&#8217;AdhesionXtreme\u00ae Avec plus de 20 ans d&#8217;exp\u00e9rience, d&#8217;expertise et de service dans le secteur de l&#8217;imperm\u00e9abilisation, AdhesionXtreme\u00ae a d\u00e9velopper une gamme de bandes d\u2019\u00e9tanch\u00e9it\u00e9s de qualit\u00e9 sup\u00e9rieure et rentables, r\u00e9sistants \u00e0 l\u2019infiltration de l&#8217;eau et qui garantissent l\u2019\u00e9tanch\u00e9it\u00e9 des projets professionnelles, l&#8217;usage domestique et la r\u00e9paration des caravanes et [&hellip;]","og_url":"https:\/\/adhesionxtreme.com\/fr\/about-us\/","og_site_name":"Rubans de r\u00e9paration de fuites \u00e9tanches les plus vendus - R\u00e9parations rapides de fuites","article_modified_time":"2025-12-12T06:41:46+00:00","og_image":[{"url":"http:\/\/localhost\/fr\/wp-content\/uploads\/2024\/07\/Will-Photo-installing-Adhesion-Xtreme-Tape-1.jpg","type":"","width":"","height":""}],"twitter_card":"summary_large_image","twitter_misc":{"Est. reading time":"1 minute"},"schema":{"@context":"https:\/\/schema.org","@graph":[{"@type":"WebPage","@id":"https:\/\/adhesionxtreme.com\/fr\/about-us\/","url":"https:\/\/adhesionxtreme.com\/fr\/about-us\/","name":"About Us - Rubans de r\u00e9paration de fuites \u00e9tanches les plus vendus - R\u00e9parations rapides de fuites","isPartOf":{"@id":"https:\/\/adhesionxtreme.com\/fr\/#website"},"primaryImageOfPage":{"@id":"https:\/\/adhesionxtreme.com\/fr\/about-us\/#primaryimage"},"image":{"@id":"https:\/\/adhesionxtreme.com\/fr\/about-us\/#primaryimage"},"thumbnailUrl":"http:\/\/localhost\/fr\/wp-content\/uploads\/2024\/07\/Will-Photo-installing-Adhesion-Xtreme-Tape-1.jpg","datePublished":"2024-07-11T05:14:59+00:00","dateModified":"2025-12-12T06:41:46+00:00","breadcrumb":{"@id":"https:\/\/adhesionxtreme.com\/fr\/about-us\/#breadcrumb"},"inLanguage":"en-US","potentialAction":[{"@type":"ReadAction","target":["https:\/\/adhesionxtreme.com\/fr\/about-us\/"]}]},{"@type":"ImageObject","inLanguage":"en-US","@id":"https:\/\/adhesionxtreme.com\/fr\/about-us\/#primaryimage","url":"http:\/\/localhost\/fr\/wp-content\/uploads\/2024\/07\/Will-Photo-installing-Adhesion-Xtreme-Tape-1.jpg","contentUrl":"http:\/\/localhost\/fr\/wp-content\/uploads\/2024\/07\/Will-Photo-installing-Adhesion-Xtreme-Tape-1.jpg"},{"@type":"BreadcrumbList","@id":"https:\/\/adhesionxtreme.com\/fr\/about-us\/#breadcrumb","itemListElement":[{"@type":"ListItem","position":1,"name":"Home","item":"https:\/\/adhesionxtreme.com\/fr\/"},{"@type":"ListItem","position":2,"name":"About Us"}]},{"@type":"WebSite","@id":"https:\/\/adhesionxtreme.com\/fr\/#website","url":"https:\/\/adhesionxtreme.com\/fr\/","name":"Rubans de r\u00e9paration de fuites \u00e9tanches les plus vendus - R\u00e9parations rapides de fuites","description":"","potentialAction":[{"@type":"SearchAction","target":{"@type":"EntryPoint","urlTemplate":"https:\/\/adhesionxtreme.com\/fr\/?s={search_term_string}"},"query-input":{"@type":"PropertyValueSpecification","valueRequired":true,"valueName":"search_term_string"}}],"inLanguage":"en-US"}]}},"_links":{"self":[{"href":"https:\/\/adhesionxtreme.com\/fr\/wp-json\/wp\/v2\/pages\/1221","targetHints":{"allow":["GET"]}}],"collection":[{"href":"https:\/\/adhesionxtreme.com\/fr\/wp-json\/wp\/v2\/pages"}],"about":[{"href":"https:\/\/adhesionxtreme.com\/fr\/wp-json\/wp\/v2\/types\/page"}],"author":[{"embeddable":true,"href":"https:\/\/adhesionxtreme.com\/fr\/wp-json\/wp\/v2\/users\/1"}],"replies":[{"embeddable":true,"href":"https:\/\/adhesionxtreme.com\/fr\/wp-json\/wp\/v2\/comments?post=1221"}],"version-history":[{"count":0,"href":"https:\/\/adhesionxtreme.com\/fr\/wp-json\/wp\/v2\/pages\/1221\/revisions"}],"wp:attachment":[{"href":"https:\/\/adhesionxtreme.com\/fr\/wp-json\/wp\/v2\/media?parent=1221"}],"curies":[{"name":"wp","href":"https:\/\/api.w.org\/{rel}","templated":true}]}}